{"id":988582,"date":"2021-11-02T13:24:43","date_gmt":"2021-11-02T17:24:43","guid":{"rendered":"http:\/\/centreofhopeottawa.ca\/fr\/?page_id=988582"},"modified":"2022-05-11T14:19:03","modified_gmt":"2022-05-11T18:19:03","slug":"le-logement-dabord","status":"publish","type":"page","link":"https:\/\/centreofhopeottawa.ca\/fr\/le-logement-dabord\/","title":{"rendered":"Le logement d\u2019abord"},"content":{"rendered":"\t\t<div data-elementor-type=\"wp-page\" data-elementor-id=\"988582\" class=\"elementor elementor-988582\" data-elementor-settings=\"[]\">\n\t\t\t\t\t\t\t<div class=\"elementor-section-wrap\">\n\t\t\t\t\t\t\t<section class=\"elementor-section elementor-top-section elementor-element elementor-element-67c5e6c6 elementor-section-full_width elementor-section-height-min-height animated-fast elementor-section-height-default elementor-section-items-middle elementor-invisible\" data-id=\"67c5e6c6\" data-element_type=\"section\" data-settings=\"{&quot;background_background&quot;:&quot;classic&quot;,&quot;animation&quot;:&quot;fadeIn&quot;}\">\n\t\t\t\t\t\t\t<div class=\"elementor-background-overlay\"><\/div>\n\t\t\t\t\t\t\t<div class=\"elementor-container elementor-column-gap-no\">\n\t\t\t\t\t<div class=\"elementor-column elementor-col-100 elementor-top-column elementor-element elementor-element-697a3989\" data-id=\"697a3989\" data-element_type=\"column\">\n\t\t\t<div class=\"elementor-widget-wrap\">\n\t\t\t\t\t\t\t\t\t<\/div>\n\t\t<\/div>\n\t\t\t\t\t\t\t<\/div>\n\t\t<\/section>\n\t\t\t\t<section class=\"elementor-section elementor-top-section elementor-element elementor-element-57f59fd elementor-section-boxed elementor-section-height-default elementor-section-height-default\" data-id=\"57f59fd\" data-element_type=\"section\">\n\t\t\t\t\t\t<div class=\"elementor-container elementor-column-gap-no\">\n\t\t\t\t\t<div class=\"elementor-column elementor-col-50 elementor-top-column elementor-element elementor-element-374e4a4\" data-id=\"374e4a4\" data-element_type=\"column\" data-settings=\"{&quot;motion_fx_motion_fx_scrolling&quot;:&quot;yes&quot;,&quot;motion_fx_translateY_effect&quot;:&quot;yes&quot;,&quot;motion_fx_translateY_speed&quot;:{&quot;unit&quot;:&quot;px&quot;,&quot;size&quot;:1,&quot;sizes&quot;:[]},&quot;motion_fx_devices&quot;:[&quot;desktop&quot;],&quot;motion_fx_translateY_affectedRange&quot;:{&quot;unit&quot;:&quot;%&quot;,&quot;size&quot;:&quot;&quot;,&quot;sizes&quot;:{&quot;start&quot;:0,&quot;end&quot;:100}}}\">\n\t\t\t<div class=\"elementor-widget-wrap elementor-element-populated\">\n\t\t\t\t\t\t\t\t<div class=\"elementor-element elementor-element-fb9e5c2 elementor-widget__width-auto elementor-widget-tablet__width-auto elementor-widget-mobile__width-inherit elementor-widget elementor-widget-heading\" data-id=\"fb9e5c2\" data-element_type=\"widget\" data-widget_type=\"heading.heading_caridad\">\n\t\t\t\t<div class=\"elementor-widget-container\">\n\t\t\t<h1 class=\"elementor-heading-title elementor-size-default\">Le logement d\u2019abord<\/h1>\t\t<\/div>\n\t\t\t\t<\/div>\n\t\t\t\t\t<\/div>\n\t\t<\/div>\n\t\t\t\t<div class=\"elementor-column elementor-col-50 elementor-top-column elementor-element elementor-element-e3ac0d8 elementor-hidden-desktop elementor-hidden-tablet elementor-hidden-phone\" data-id=\"e3ac0d8\" data-element_type=\"column\">\n\t\t\t<div class=\"elementor-widget-wrap\">\n\t\t\t\t\t\t\t\t\t<\/div>\n\t\t<\/div>\n\t\t\t\t\t\t\t<\/div>\n\t\t<\/section>\n\t\t\t\t<section class=\"elementor-section elementor-top-section elementor-element elementor-element-b228210 elementor-reverse-tablet elementor-reverse-mobile elementor-section-boxed elementor-section-height-default elementor-section-height-default\" data-id=\"b228210\" data-element_type=\"section\">\n\t\t\t\t\t\t<div class=\"elementor-container elementor-column-gap-no\">\n\t\t\t\t\t<div class=\"elementor-column elementor-col-100 elementor-top-column elementor-element elementor-element-476aeb6\" data-id=\"476aeb6\" data-element_type=\"column\">\n\t\t\t<div class=\"elementor-widget-wrap elementor-element-populated\">\n\t\t\t\t\t\t\t\t<div class=\"elementor-element elementor-element-8cd0e76 elementor-widget elementor-widget-text-editor\" data-id=\"8cd0e76\" data-element_type=\"widget\" data-widget_type=\"text-editor.default\">\n\t\t\t\t<div class=\"elementor-widget-container\">\n\t\t\t\t\t\t\t<p>L&#8217;Arm\u00e9e du Salut et ses partenaires collaborent avec la ville d&#8217;Ottawa pour mettre fin \u00e0 l&#8217;itin\u00e9rance de longue date gr\u00e2ce \u00e0 la strat\u00e9gie \u00ab\u00a0Le logement d&#8217;abord\u00a0\u00bb dont l&#8217;objectif est de garantir un logement s\u00fbr aux personnes avant de les aider \u00e0 r\u00e9soudre tout autre probl\u00e8me ou pr\u00e9occupation qu&#8217;elles pourraient avoir.<\/p><p>L&#8217;Arm\u00e9e du Salut emploie une \u00e9quipe d&#8217;intervention en mati\u00e8re de logement qui s&#8217;efforce de relier les personnes vivant dans des abris ou dans la rue \u00e0 un logement permanent et abordable. Une fois log\u00e9es, nous mettons au point avec elles un plan individualis\u00e9 pour maintenir la stabilit\u00e9 du logement. Nous accompagnons les personnes jusqu&#8217;\u00e0 un an ou plus une fois qu&#8217;elles sont log\u00e9es.<\/p><p>Cliquez ici pour acc\u00e9der et remplir un\u00a0<a href=\"http:\/\/www.ottawaboothcentre.org\/Content\/HRT%20Referral%20Form.docx-2021.pdf\">Formulaire d\u2019aiguillage du client.<\/a><\/p><p>\u00a0<\/p>\t\t\t\t\t\t<\/div>\n\t\t\t\t<\/div>\n\t\t\t\t\t<\/div>\n\t\t<\/div>\n\t\t\t\t\t\t\t<\/div>\n\t\t<\/section>\n\t\t\t\t\t\t<\/div>\n\t\t\t\t\t<\/div>\n\t\t","protected":false},"excerpt":{"rendered":"<p>L&#8217;Arm\u00e9e du Salut et ses partenaires collaborent avec la ville d&#8217;Ottawa pour mettre fin \u00e0 l&#8217;itin\u00e9rance de longue date gr\u00e2ce \u00e0 la strat\u00e9gie \u00ab\u00a0Le logement d&#8217;abord\u00a0\u00bb dont l&#8217;objectif est de garantir un logement s\u00fbr aux personnes avant de les aider \u00e0 r\u00e9soudre tout autre probl\u00e8me ou pr\u00e9occupation qu&#8217;elles pourraient avoir. L&#8217;Arm\u00e9e du Salut emploie une&#8230;<\/p>\n","protected":false},"author":1,"featured_media":0,"parent":0,"menu_order":0,"comment_status":"closed","ping_status":"closed","template":"","meta":{"_monsterinsights_skip_tracking":false,"_monsterinsights_sitenote_active":false,"_monsterinsights_sitenote_note":"","_monsterinsights_sitenote_category":0,"footnotes":""},"class_list":["post-988582","page","type-page","status-publish","hentry"],"yoast_head":"<!-- This site is optimized with the Yoast SEO plugin v18.2 - https:\/\/yoast.com\/wordpress\/plugins\/seo\/ -->\n<title>Le logement d\u2019abord - Centre de L\u2019Espoir de l\u2019Arm\u00e9e du Salut<\/title>\n<meta name=\"robots\" content=\"index, follow, max-snippet:-1, max-image-preview:large, max-video-preview:-1\" \/>\n<link rel=\"canonical\" href=\"https:\/\/centreofhopeottawa.ca\/fr\/le-logement-dabord\/\" \/>\n<meta property=\"og:locale\" content=\"en_US\" \/>\n<meta property=\"og:type\" content=\"article\" \/>\n<meta property=\"og:title\" content=\"Le logement d\u2019abord - Centre de L\u2019Espoir de l\u2019Arm\u00e9e du Salut\" \/>\n<meta property=\"og:description\" content=\"L&#8217;Arm\u00e9e du Salut et ses partenaires collaborent avec la ville d&#8217;Ottawa pour mettre fin \u00e0 l&#8217;itin\u00e9rance de longue date gr\u00e2ce \u00e0 la strat\u00e9gie \u00ab\u00a0Le logement d&#8217;abord\u00a0\u00bb dont l&#8217;objectif est de garantir un logement s\u00fbr aux personnes avant de les aider \u00e0 r\u00e9soudre tout autre probl\u00e8me ou pr\u00e9occupation qu&#8217;elles pourraient avoir. L&#8217;Arm\u00e9e du Salut emploie une...\" \/>\n<meta property=\"og:url\" content=\"https:\/\/centreofhopeottawa.ca\/fr\/le-logement-dabord\/\" \/>\n<meta property=\"og:site_name\" content=\"Centre de L\u2019Espoir de l\u2019Arm\u00e9e du Salut\" \/>\n<meta property=\"article:modified_time\" content=\"2022-05-11T18:19:03+00:00\" \/>\n<meta name=\"twitter:card\" content=\"summary_large_image\" \/>\n<meta name=\"twitter:label1\" content=\"Est. reading time\" \/>\n\t<meta name=\"twitter:data1\" content=\"1 minute\" \/>\n<script type=\"application\/ld+json\" class=\"yoast-schema-graph\">{\"@context\":\"https:\/\/schema.org\",\"@graph\":[{\"@type\":\"WebSite\",\"@id\":\"https:\/\/centreofhopeottawa.ca\/fr\/#website\",\"url\":\"https:\/\/centreofhopeottawa.ca\/fr\/\",\"name\":\"Centre de L\u2019Espoir de l\u2019Arm\u00e9e du Salut\",\"description\":\"333, chemin Montr\u00e9al, Ottawa\",\"potentialAction\":[{\"@type\":\"SearchAction\",\"target\":{\"@type\":\"EntryPoint\",\"urlTemplate\":\"https:\/\/centreofhopeottawa.ca\/fr\/?s={search_term_string}\"},\"query-input\":\"required name=search_term_string\"}],\"inLanguage\":\"en-US\"},{\"@type\":\"WebPage\",\"@id\":\"https:\/\/centreofhopeottawa.ca\/fr\/le-logement-dabord\/#webpage\",\"url\":\"https:\/\/centreofhopeottawa.ca\/fr\/le-logement-dabord\/\",\"name\":\"Le logement d\u2019abord - Centre de L\u2019Espoir de l\u2019Arm\u00e9e du Salut\",\"isPartOf\":{\"@id\":\"https:\/\/centreofhopeottawa.ca\/fr\/#website\"},\"datePublished\":\"2021-11-02T17:24:43+00:00\",\"dateModified\":\"2022-05-11T18:19:03+00:00\",\"breadcrumb\":{\"@id\":\"https:\/\/centreofhopeottawa.ca\/fr\/le-logement-dabord\/#breadcrumb\"},\"inLanguage\":\"en-US\",\"potentialAction\":[{\"@type\":\"ReadAction\",\"target\":[\"https:\/\/centreofhopeottawa.ca\/fr\/le-logement-dabord\/\"]}]},{\"@type\":\"BreadcrumbList\",\"@id\":\"https:\/\/centreofhopeottawa.ca\/fr\/le-logement-dabord\/#breadcrumb\",\"itemListElement\":[{\"@type\":\"ListItem\",\"position\":1,\"name\":\"Home\",\"item\":\"https:\/\/centreofhopeottawa.ca\/fr\/\"},{\"@type\":\"ListItem\",\"position\":2,\"name\":\"Le logement d\u2019abord\"}]}]}<\/script>\n<!-- \/ Yoast SEO plugin. -->","yoast_head_json":{"title":"Le logement d\u2019abord - Centre de L\u2019Espoir de l\u2019Arm\u00e9e du Salut","robots":{"index":"index","follow":"follow","max-snippet":"max-snippet:-1","max-image-preview":"max-image-preview:large","max-video-preview":"max-video-preview:-1"},"canonical":"https:\/\/centreofhopeottawa.ca\/fr\/le-logement-dabord\/","og_locale":"en_US","og_type":"article","og_title":"Le logement d\u2019abord - Centre de L\u2019Espoir de l\u2019Arm\u00e9e du Salut","og_description":"L&#8217;Arm\u00e9e du Salut et ses partenaires collaborent avec la ville d&#8217;Ottawa pour mettre fin \u00e0 l&#8217;itin\u00e9rance de longue date gr\u00e2ce \u00e0 la strat\u00e9gie \u00ab\u00a0Le logement d&#8217;abord\u00a0\u00bb dont l&#8217;objectif est de garantir un logement s\u00fbr aux personnes avant de les aider \u00e0 r\u00e9soudre tout autre probl\u00e8me ou pr\u00e9occupation qu&#8217;elles pourraient avoir. L&#8217;Arm\u00e9e du Salut emploie une...","og_url":"https:\/\/centreofhopeottawa.ca\/fr\/le-logement-dabord\/","og_site_name":"Centre de L\u2019Espoir de l\u2019Arm\u00e9e du Salut","article_modified_time":"2022-05-11T18:19:03+00:00","twitter_card":"summary_large_image","twitter_misc":{"Est. reading time":"1 minute"},"schema":{"@context":"https:\/\/schema.org","@graph":[{"@type":"WebSite","@id":"https:\/\/centreofhopeottawa.ca\/fr\/#website","url":"https:\/\/centreofhopeottawa.ca\/fr\/","name":"Centre de L\u2019Espoir de l\u2019Arm\u00e9e du Salut","description":"333, chemin Montr\u00e9al, Ottawa","potentialAction":[{"@type":"SearchAction","target":{"@type":"EntryPoint","urlTemplate":"https:\/\/centreofhopeottawa.ca\/fr\/?s={search_term_string}"},"query-input":"required name=search_term_string"}],"inLanguage":"en-US"},{"@type":"WebPage","@id":"https:\/\/centreofhopeottawa.ca\/fr\/le-logement-dabord\/#webpage","url":"https:\/\/centreofhopeottawa.ca\/fr\/le-logement-dabord\/","name":"Le logement d\u2019abord - Centre de L\u2019Espoir de l\u2019Arm\u00e9e du Salut","isPartOf":{"@id":"https:\/\/centreofhopeottawa.ca\/fr\/#website"},"datePublished":"2021-11-02T17:24:43+00:00","dateModified":"2022-05-11T18:19:03+00:00","breadcrumb":{"@id":"https:\/\/centreofhopeottawa.ca\/fr\/le-logement-dabord\/#breadcrumb"},"inLanguage":"en-US","potentialAction":[{"@type":"ReadAction","target":["https:\/\/centreofhopeottawa.ca\/fr\/le-logement-dabord\/"]}]},{"@type":"BreadcrumbList","@id":"https:\/\/centreofhopeottawa.ca\/fr\/le-logement-dabord\/#breadcrumb","itemListElement":[{"@type":"ListItem","position":1,"name":"Home","item":"https:\/\/centreofhopeottawa.ca\/fr\/"},{"@type":"ListItem","position":2,"name":"Le logement d\u2019abord"}]}]}},"_links":{"self":[{"href":"https:\/\/centreofhopeottawa.ca\/fr\/wp-json\/wp\/v2\/pages\/988582","targetHints":{"allow":["GET"]}}],"collection":[{"href":"https:\/\/centreofhopeottawa.ca\/fr\/wp-json\/wp\/v2\/pages"}],"about":[{"href":"https:\/\/centreofhopeottawa.ca\/fr\/wp-json\/wp\/v2\/types\/page"}],"author":[{"embeddable":true,"href":"https:\/\/centreofhopeottawa.ca\/fr\/wp-json\/wp\/v2\/users\/1"}],"replies":[{"embeddable":true,"href":"https:\/\/centreofhopeottawa.ca\/fr\/wp-json\/wp\/v2\/comments?post=988582"}],"version-history":[{"count":15,"href":"https:\/\/centreofhopeottawa.ca\/fr\/wp-json\/wp\/v2\/pages\/988582\/revisions"}],"predecessor-version":[{"id":988926,"href":"https:\/\/centreofhopeottawa.ca\/fr\/wp-json\/wp\/v2\/pages\/988582\/revisions\/988926"}],"wp:attachment":[{"href":"https:\/\/centreofhopeottawa.ca\/fr\/wp-json\/wp\/v2\/media?parent=988582"}],"curies":[{"name":"wp","href":"https:\/\/api.w.org\/{rel}","templated":true}]}}