{"id":988494,"date":"2021-10-25T15:56:36","date_gmt":"2021-10-25T19:56:36","guid":{"rendered":"http:\/\/centreofhopeottawa.ca\/fr\/?page_id=988494"},"modified":"2022-03-07T10:52:23","modified_gmt":"2022-03-07T15:52:23","slug":"programme-de-vie-autonome-transitoire","status":"publish","type":"page","link":"https:\/\/centreofhopeottawa.ca\/fr\/programme-de-vie-autonome-transitoire\/","title":{"rendered":"Programme de vie autonome transitoire"},"content":{"rendered":"\t\t<div data-elementor-type=\"wp-page\" data-elementor-id=\"988494\" class=\"elementor elementor-988494\" data-elementor-settings=\"[]\">\n\t\t\t\t\t\t\t<div class=\"elementor-section-wrap\">\n\t\t\t\t\t\t\t<section class=\"elementor-section elementor-top-section elementor-element elementor-element-67c5e6c6 elementor-section-full_width elementor-section-height-min-height animated-fast elementor-section-height-default elementor-section-items-middle elementor-invisible\" data-id=\"67c5e6c6\" data-element_type=\"section\" data-settings=\"{&quot;background_background&quot;:&quot;classic&quot;,&quot;animation&quot;:&quot;fadeIn&quot;}\">\n\t\t\t\t\t\t\t<div class=\"elementor-background-overlay\"><\/div>\n\t\t\t\t\t\t\t<div class=\"elementor-container elementor-column-gap-no\">\n\t\t\t\t\t<div class=\"elementor-column elementor-col-100 elementor-top-column elementor-element elementor-element-697a3989\" data-id=\"697a3989\" data-element_type=\"column\">\n\t\t\t<div class=\"elementor-widget-wrap\">\n\t\t\t\t\t\t\t\t\t<\/div>\n\t\t<\/div>\n\t\t\t\t\t\t\t<\/div>\n\t\t<\/section>\n\t\t\t\t<section class=\"elementor-section elementor-top-section elementor-element elementor-element-57f59fd elementor-section-boxed elementor-section-height-default elementor-section-height-default\" data-id=\"57f59fd\" data-element_type=\"section\">\n\t\t\t\t\t\t<div class=\"elementor-container elementor-column-gap-no\">\n\t\t\t\t\t<div class=\"elementor-column elementor-col-50 elementor-top-column elementor-element elementor-element-374e4a4\" data-id=\"374e4a4\" data-element_type=\"column\" data-settings=\"{&quot;motion_fx_motion_fx_scrolling&quot;:&quot;yes&quot;,&quot;motion_fx_translateY_effect&quot;:&quot;yes&quot;,&quot;motion_fx_translateY_speed&quot;:{&quot;unit&quot;:&quot;px&quot;,&quot;size&quot;:1,&quot;sizes&quot;:[]},&quot;motion_fx_devices&quot;:[&quot;desktop&quot;],&quot;motion_fx_translateY_affectedRange&quot;:{&quot;unit&quot;:&quot;%&quot;,&quot;size&quot;:&quot;&quot;,&quot;sizes&quot;:{&quot;start&quot;:0,&quot;end&quot;:100}}}\">\n\t\t\t<div class=\"elementor-widget-wrap elementor-element-populated\">\n\t\t\t\t\t\t\t\t<div class=\"elementor-element elementor-element-fb9e5c2 elementor-widget__width-auto elementor-widget-tablet__width-auto elementor-widget-mobile__width-inherit elementor-widget elementor-widget-heading\" data-id=\"fb9e5c2\" data-element_type=\"widget\" data-widget_type=\"heading.heading_caridad\">\n\t\t\t\t<div class=\"elementor-widget-container\">\n\t\t\t<h1 class=\"elementor-heading-title elementor-size-default\">Programme de vie\nautonome transitoire<\/h1>\t\t<\/div>\n\t\t\t\t<\/div>\n\t\t\t\t\t<\/div>\n\t\t<\/div>\n\t\t\t\t<div class=\"elementor-column elementor-col-50 elementor-top-column elementor-element elementor-element-e3ac0d8 elementor-hidden-desktop elementor-hidden-tablet elementor-hidden-phone\" data-id=\"e3ac0d8\" data-element_type=\"column\">\n\t\t\t<div class=\"elementor-widget-wrap\">\n\t\t\t\t\t\t\t\t\t<\/div>\n\t\t<\/div>\n\t\t\t\t\t\t\t<\/div>\n\t\t<\/section>\n\t\t\t\t<section class=\"elementor-section elementor-top-section elementor-element elementor-element-2e4f5ac elementor-reverse-tablet elementor-reverse-mobile elementor-section-boxed elementor-section-height-default elementor-section-height-default\" data-id=\"2e4f5ac\" data-element_type=\"section\">\n\t\t\t\t\t\t<div class=\"elementor-container elementor-column-gap-no\">\n\t\t\t\t\t<div class=\"elementor-column elementor-col-100 elementor-top-column elementor-element elementor-element-0630c6a\" data-id=\"0630c6a\" data-element_type=\"column\">\n\t\t\t<div class=\"elementor-widget-wrap elementor-element-populated\">\n\t\t\t\t\t\t\t\t<div class=\"elementor-element elementor-element-af7aec7 elementor-widget elementor-widget-text-editor\" data-id=\"af7aec7\" data-element_type=\"widget\" data-widget_type=\"text-editor.default\">\n\t\t\t\t<div class=\"elementor-widget-container\">\n\t\t\t\t\t\t\t<p>Le<em> Centre de L\u2019Espoir <\/em>proposera des programmes de vie autonome transitoires pour ceux qui ont besoin d&#8217;un soutien sp\u00e9cifique dans des domaines tels que les comp\u00e9tences de vie, la sant\u00e9 mentale, la gestion de la col\u00e8re, et plus encore. Les programmes sont con\u00e7us pour les personnes qui souhaitent apporter des changements substantiels \u00e0 leur mode de vie. Les participants auront un acc\u00e8s \u00e0 un espace plus grand contenant un bureau o\u00f9 ils pourront s\u00e9journer pendant la dur\u00e9e du programme. Ces appartements pourront accueillir 30 personnes.<\/p><p>Les programmes de vie autonome transitoires apprennent aux participants \u00e0 d\u00e9velopper la motivation et la structure n\u00e9cessaires pour retrouver leur ind\u00e9pendance et leur r\u00e9silience face aux d\u00e9fis, ainsi que la volont\u00e9 de maintenir un mode de vie sain. Nous offrons des conseils et une formation en activation pour faciliter le changement et aider les personnes \u00e0 \u00e9viter de se retrouver de nouveau dans un abri.<\/p><p>Nous proposons des cours qui enseignent des comp\u00e9tences pratiques dans les domaines suivants :<\/p><ul><li>La pr\u00e9paration \u00e0 l\u2019emploi.<\/li><li>La recherche de logement.<\/li><li>L\u2019achat et la pr\u00e9paration de nourriture.<\/li><li>La gestion de l&#8217;argent.<\/li><li>Et bien d\u2019autres choses encore.<\/li><\/ul><p>Les participants ont l\u2019option de suivre \u00e9galement une fois par semaine un cours de spiritualit\u00e9 ou de d\u00e9veloppement personnel.<\/p><p>Enfin, les participants b\u00e9n\u00e9ficient de s\u00e9ances individuelles de coaching en comp\u00e9tences de vie ax\u00e9es sur les besoins en mati\u00e8re d&#8217;emploi, d&#8217;\u00e9ducation et\/ou de logement. Le coach en comp\u00e9tences de vie aidera les participants \u00e0 d\u00e9couvrir, \u00e0 fixer et \u00e0 maintenir leurs objectifs.<\/p>\t\t\t\t\t\t<\/div>\n\t\t\t\t<\/div>\n\t\t\t\t\t<\/div>\n\t\t<\/div>\n\t\t\t\t\t\t\t<\/div>\n\t\t<\/section>\n\t\t\t\t\t\t<\/div>\n\t\t\t\t\t<\/div>\n\t\t","protected":false},"excerpt":{"rendered":"<p>Programme de vieautonome transitoire Le Centre de L\u2019Espoir proposera des programmes de vie autonome transitoires pour ceux qui ont besoin d&#8217;un soutien sp\u00e9cifique dans des domaines tels que les comp\u00e9tences de vie, la sant\u00e9 mentale, la gestion de la col\u00e8re, et plus encore. Les programmes sont con\u00e7us pour les personnes qui souhaitent apporter des changements&#8230;<\/p>\n","protected":false},"author":1,"featured_media":0,"parent":0,"menu_order":0,"comment_status":"closed","ping_status":"closed","template":"","meta":{"_monsterinsights_skip_tracking":false,"_monsterinsights_sitenote_active":false,"_monsterinsights_sitenote_note":"","_monsterinsights_sitenote_category":0,"footnotes":""},"class_list":["post-988494","page","type-page","status-publish","hentry"],"yoast_head":"<!-- This site is optimized with the Yoast SEO plugin v18.2 - https:\/\/yoast.com\/wordpress\/plugins\/seo\/ -->\n<title>Programme de vie autonome transitoire - Centre de L\u2019Espoir de l\u2019Arm\u00e9e du Salut<\/title>\n<meta name=\"robots\" content=\"index, follow, max-snippet:-1, max-image-preview:large, max-video-preview:-1\" \/>\n<link rel=\"canonical\" href=\"https:\/\/centreofhopeottawa.ca\/fr\/programme-de-vie-autonome-transitoire\/\" \/>\n<meta property=\"og:locale\" content=\"en_US\" \/>\n<meta property=\"og:type\" content=\"article\" \/>\n<meta property=\"og:title\" content=\"Programme de vie autonome transitoire - Centre de L\u2019Espoir de l\u2019Arm\u00e9e du Salut\" \/>\n<meta property=\"og:description\" content=\"Programme de vieautonome transitoire Le Centre de L\u2019Espoir proposera des programmes de vie autonome transitoires pour ceux qui ont besoin d&#8217;un soutien sp\u00e9cifique dans des domaines tels que les comp\u00e9tences de vie, la sant\u00e9 mentale, la gestion de la col\u00e8re, et plus encore. Les programmes sont con\u00e7us pour les personnes qui souhaitent apporter des changements...\" \/>\n<meta property=\"og:url\" content=\"https:\/\/centreofhopeottawa.ca\/fr\/programme-de-vie-autonome-transitoire\/\" \/>\n<meta property=\"og:site_name\" content=\"Centre de L\u2019Espoir de l\u2019Arm\u00e9e du Salut\" \/>\n<meta property=\"article:modified_time\" content=\"2022-03-07T15:52:23+00:00\" \/>\n<meta name=\"twitter:card\" content=\"summary_large_image\" \/>\n<meta name=\"twitter:label1\" content=\"Est. reading time\" \/>\n\t<meta name=\"twitter:data1\" content=\"2 minutes\" \/>\n<script type=\"application\/ld+json\" class=\"yoast-schema-graph\">{\"@context\":\"https:\/\/schema.org\",\"@graph\":[{\"@type\":\"WebSite\",\"@id\":\"https:\/\/centreofhopeottawa.ca\/fr\/#website\",\"url\":\"https:\/\/centreofhopeottawa.ca\/fr\/\",\"name\":\"Centre de L\u2019Espoir de l\u2019Arm\u00e9e du Salut\",\"description\":\"333, chemin Montr\u00e9al, Ottawa\",\"potentialAction\":[{\"@type\":\"SearchAction\",\"target\":{\"@type\":\"EntryPoint\",\"urlTemplate\":\"https:\/\/centreofhopeottawa.ca\/fr\/?s={search_term_string}\"},\"query-input\":\"required name=search_term_string\"}],\"inLanguage\":\"en-US\"},{\"@type\":\"WebPage\",\"@id\":\"https:\/\/centreofhopeottawa.ca\/fr\/programme-de-vie-autonome-transitoire\/#webpage\",\"url\":\"https:\/\/centreofhopeottawa.ca\/fr\/programme-de-vie-autonome-transitoire\/\",\"name\":\"Programme de vie autonome transitoire - Centre de L\u2019Espoir de l\u2019Arm\u00e9e du Salut\",\"isPartOf\":{\"@id\":\"https:\/\/centreofhopeottawa.ca\/fr\/#website\"},\"datePublished\":\"2021-10-25T19:56:36+00:00\",\"dateModified\":\"2022-03-07T15:52:23+00:00\",\"breadcrumb\":{\"@id\":\"https:\/\/centreofhopeottawa.ca\/fr\/programme-de-vie-autonome-transitoire\/#breadcrumb\"},\"inLanguage\":\"en-US\",\"potentialAction\":[{\"@type\":\"ReadAction\",\"target\":[\"https:\/\/centreofhopeottawa.ca\/fr\/programme-de-vie-autonome-transitoire\/\"]}]},{\"@type\":\"BreadcrumbList\",\"@id\":\"https:\/\/centreofhopeottawa.ca\/fr\/programme-de-vie-autonome-transitoire\/#breadcrumb\",\"itemListElement\":[{\"@type\":\"ListItem\",\"position\":1,\"name\":\"Home\",\"item\":\"https:\/\/centreofhopeottawa.ca\/fr\/\"},{\"@type\":\"ListItem\",\"position\":2,\"name\":\"Programme de vie autonome transitoire\"}]}]}<\/script>\n<!-- \/ Yoast SEO plugin. -->","yoast_head_json":{"title":"Programme de vie autonome transitoire - Centre de L\u2019Espoir de l\u2019Arm\u00e9e du Salut","robots":{"index":"index","follow":"follow","max-snippet":"max-snippet:-1","max-image-preview":"max-image-preview:large","max-video-preview":"max-video-preview:-1"},"canonical":"https:\/\/centreofhopeottawa.ca\/fr\/programme-de-vie-autonome-transitoire\/","og_locale":"en_US","og_type":"article","og_title":"Programme de vie autonome transitoire - Centre de L\u2019Espoir de l\u2019Arm\u00e9e du Salut","og_description":"Programme de vieautonome transitoire Le Centre de L\u2019Espoir proposera des programmes de vie autonome transitoires pour ceux qui ont besoin d&#8217;un soutien sp\u00e9cifique dans des domaines tels que les comp\u00e9tences de vie, la sant\u00e9 mentale, la gestion de la col\u00e8re, et plus encore. Les programmes sont con\u00e7us pour les personnes qui souhaitent apporter des changements...","og_url":"https:\/\/centreofhopeottawa.ca\/fr\/programme-de-vie-autonome-transitoire\/","og_site_name":"Centre de L\u2019Espoir de l\u2019Arm\u00e9e du Salut","article_modified_time":"2022-03-07T15:52:23+00:00","twitter_card":"summary_large_image","twitter_misc":{"Est. reading time":"2 minutes"},"schema":{"@context":"https:\/\/schema.org","@graph":[{"@type":"WebSite","@id":"https:\/\/centreofhopeottawa.ca\/fr\/#website","url":"https:\/\/centreofhopeottawa.ca\/fr\/","name":"Centre de L\u2019Espoir de l\u2019Arm\u00e9e du Salut","description":"333, chemin Montr\u00e9al, Ottawa","potentialAction":[{"@type":"SearchAction","target":{"@type":"EntryPoint","urlTemplate":"https:\/\/centreofhopeottawa.ca\/fr\/?s={search_term_string}"},"query-input":"required name=search_term_string"}],"inLanguage":"en-US"},{"@type":"WebPage","@id":"https:\/\/centreofhopeottawa.ca\/fr\/programme-de-vie-autonome-transitoire\/#webpage","url":"https:\/\/centreofhopeottawa.ca\/fr\/programme-de-vie-autonome-transitoire\/","name":"Programme de vie autonome transitoire - Centre de L\u2019Espoir de l\u2019Arm\u00e9e du Salut","isPartOf":{"@id":"https:\/\/centreofhopeottawa.ca\/fr\/#website"},"datePublished":"2021-10-25T19:56:36+00:00","dateModified":"2022-03-07T15:52:23+00:00","breadcrumb":{"@id":"https:\/\/centreofhopeottawa.ca\/fr\/programme-de-vie-autonome-transitoire\/#breadcrumb"},"inLanguage":"en-US","potentialAction":[{"@type":"ReadAction","target":["https:\/\/centreofhopeottawa.ca\/fr\/programme-de-vie-autonome-transitoire\/"]}]},{"@type":"BreadcrumbList","@id":"https:\/\/centreofhopeottawa.ca\/fr\/programme-de-vie-autonome-transitoire\/#breadcrumb","itemListElement":[{"@type":"ListItem","position":1,"name":"Home","item":"https:\/\/centreofhopeottawa.ca\/fr\/"},{"@type":"ListItem","position":2,"name":"Programme de vie autonome transitoire"}]}]}},"_links":{"self":[{"href":"https:\/\/centreofhopeottawa.ca\/fr\/wp-json\/wp\/v2\/pages\/988494","targetHints":{"allow":["GET"]}}],"collection":[{"href":"https:\/\/centreofhopeottawa.ca\/fr\/wp-json\/wp\/v2\/pages"}],"about":[{"href":"https:\/\/centreofhopeottawa.ca\/fr\/wp-json\/wp\/v2\/types\/page"}],"author":[{"embeddable":true,"href":"https:\/\/centreofhopeottawa.ca\/fr\/wp-json\/wp\/v2\/users\/1"}],"replies":[{"embeddable":true,"href":"https:\/\/centreofhopeottawa.ca\/fr\/wp-json\/wp\/v2\/comments?post=988494"}],"version-history":[{"count":30,"href":"https:\/\/centreofhopeottawa.ca\/fr\/wp-json\/wp\/v2\/pages\/988494\/revisions"}],"predecessor-version":[{"id":988807,"href":"https:\/\/centreofhopeottawa.ca\/fr\/wp-json\/wp\/v2\/pages\/988494\/revisions\/988807"}],"wp:attachment":[{"href":"https:\/\/centreofhopeottawa.ca\/fr\/wp-json\/wp\/v2\/media?parent=988494"}],"curies":[{"name":"wp","href":"https:\/\/api.w.org\/{rel}","templated":true}]}}