{"id":988440,"date":"2021-10-22T17:40:18","date_gmt":"2021-10-22T21:40:18","guid":{"rendered":"http:\/\/centreofhopeottawa.ca\/fr\/?page_id=988440"},"modified":"2022-03-07T10:59:13","modified_gmt":"2022-03-07T15:59:13","slug":"logement-supervise","status":"publish","type":"page","link":"https:\/\/centreofhopeottawa.ca\/fr\/logement-supervise\/","title":{"rendered":"Logement supervis\u00e9"},"content":{"rendered":"\t\t<div data-elementor-type=\"wp-page\" data-elementor-id=\"988440\" class=\"elementor elementor-988440\" data-elementor-settings=\"[]\">\n\t\t\t\t\t\t\t<div class=\"elementor-section-wrap\">\n\t\t\t\t\t\t\t<section class=\"elementor-section elementor-top-section elementor-element elementor-element-67c5e6c6 elementor-section-full_width elementor-section-height-min-height animated-fast elementor-section-height-default elementor-section-items-middle elementor-invisible\" data-id=\"67c5e6c6\" data-element_type=\"section\" data-settings=\"{&quot;background_background&quot;:&quot;classic&quot;,&quot;animation&quot;:&quot;fadeIn&quot;}\">\n\t\t\t\t\t\t\t<div class=\"elementor-background-overlay\"><\/div>\n\t\t\t\t\t\t\t<div class=\"elementor-container elementor-column-gap-no\">\n\t\t\t\t\t<div class=\"elementor-column elementor-col-100 elementor-top-column elementor-element elementor-element-697a3989\" data-id=\"697a3989\" data-element_type=\"column\">\n\t\t\t<div class=\"elementor-widget-wrap\">\n\t\t\t\t\t\t\t\t\t<\/div>\n\t\t<\/div>\n\t\t\t\t\t\t\t<\/div>\n\t\t<\/section>\n\t\t\t\t<section class=\"elementor-section elementor-top-section elementor-element elementor-element-57f59fd elementor-section-boxed elementor-section-height-default elementor-section-height-default\" data-id=\"57f59fd\" data-element_type=\"section\">\n\t\t\t\t\t\t<div class=\"elementor-container elementor-column-gap-no\">\n\t\t\t\t\t<div class=\"elementor-column elementor-col-50 elementor-top-column elementor-element elementor-element-374e4a4\" data-id=\"374e4a4\" data-element_type=\"column\" data-settings=\"{&quot;motion_fx_motion_fx_scrolling&quot;:&quot;yes&quot;,&quot;motion_fx_translateY_effect&quot;:&quot;yes&quot;,&quot;motion_fx_translateY_speed&quot;:{&quot;unit&quot;:&quot;px&quot;,&quot;size&quot;:1,&quot;sizes&quot;:[]},&quot;motion_fx_devices&quot;:[&quot;desktop&quot;],&quot;motion_fx_translateY_affectedRange&quot;:{&quot;unit&quot;:&quot;%&quot;,&quot;size&quot;:&quot;&quot;,&quot;sizes&quot;:{&quot;start&quot;:0,&quot;end&quot;:100}}}\">\n\t\t\t<div class=\"elementor-widget-wrap elementor-element-populated\">\n\t\t\t\t\t\t\t\t<div class=\"elementor-element elementor-element-fb9e5c2 elementor-widget__width-auto elementor-widget-tablet__width-auto elementor-widget-mobile__width-inherit elementor-widget elementor-widget-heading\" data-id=\"fb9e5c2\" data-element_type=\"widget\" data-widget_type=\"heading.heading_caridad\">\n\t\t\t\t<div class=\"elementor-widget-container\">\n\t\t\t<h1 class=\"elementor-heading-title elementor-size-default\">Logement supervis\u00e9<\/h1>\t\t<\/div>\n\t\t\t\t<\/div>\n\t\t\t\t\t<\/div>\n\t\t<\/div>\n\t\t\t\t<div class=\"elementor-column elementor-col-50 elementor-top-column elementor-element elementor-element-e3ac0d8 elementor-hidden-desktop elementor-hidden-tablet elementor-hidden-phone\" data-id=\"e3ac0d8\" data-element_type=\"column\">\n\t\t\t<div class=\"elementor-widget-wrap\">\n\t\t\t\t\t\t\t\t\t<\/div>\n\t\t<\/div>\n\t\t\t\t\t\t\t<\/div>\n\t\t<\/section>\n\t\t\t\t<section class=\"elementor-section elementor-top-section elementor-element elementor-element-67e6727 elementor-reverse-tablet elementor-reverse-mobile elementor-section-boxed elementor-section-height-default elementor-section-height-default\" data-id=\"67e6727\" data-element_type=\"section\">\n\t\t\t\t\t\t<div class=\"elementor-container elementor-column-gap-no\">\n\t\t\t\t\t<div class=\"elementor-column elementor-col-100 elementor-top-column elementor-element elementor-element-0fa960c\" data-id=\"0fa960c\" data-element_type=\"column\">\n\t\t\t<div class=\"elementor-widget-wrap elementor-element-populated\">\n\t\t\t\t\t\t\t\t<div class=\"elementor-element elementor-element-f07451c elementor-widget elementor-widget-text-editor\" data-id=\"f07451c\" data-element_type=\"widget\" data-widget_type=\"text-editor.default\">\n\t\t\t\t<div class=\"elementor-widget-container\">\n\t\t\t\t\t\t\t<p>Le Centre de L\u2019Espoir disposera d&#8217;une r\u00e9sidence de style appartement de 32 unit\u00e9s, avec acc\u00e8s priv\u00e9 pour les gens dans le besoin. Les personnes occupant un logement supervis\u00e9 y vivront aussi longtemps que n\u00e9cessaire et elles pourront se pr\u00e9valoir d\u2019un soutien essentiel fourni sur place par l&#8217;Arm\u00e9e du Salut, comme de la nourriture et des v\u00eatements. Elles auront \u00e9galement acc\u00e8s \u00e0 des salles communautaires polyvalentes, \u00e0 des salons de t\u00e9l\u00e9vision, \u00e0 des cours ext\u00e9rieures, au caf\u00e9 du le Centre de L\u2019Espoir, et plus encore.<\/p>\t\t\t\t\t\t<\/div>\n\t\t\t\t<\/div>\n\t\t\t\t\t<\/div>\n\t\t<\/div>\n\t\t\t\t\t\t\t<\/div>\n\t\t<\/section>\n\t\t\t\t\t\t<\/div>\n\t\t\t\t\t<\/div>\n\t\t","protected":false},"excerpt":{"rendered":"<p>Le Centre de L\u2019Espoir disposera d&#8217;une r\u00e9sidence de style appartement de 32 unit\u00e9s, avec acc\u00e8s priv\u00e9 pour les gens dans le besoin. Les personnes occupant un logement supervis\u00e9 y vivront aussi longtemps que n\u00e9cessaire et elles pourront se pr\u00e9valoir d\u2019un soutien essentiel fourni sur place par l&#8217;Arm\u00e9e du Salut, comme de la nourriture et des&#8230;<\/p>\n","protected":false},"author":1,"featured_media":0,"parent":0,"menu_order":0,"comment_status":"closed","ping_status":"closed","template":"","meta":{"_monsterinsights_skip_tracking":false,"_monsterinsights_sitenote_active":false,"_monsterinsights_sitenote_note":"","_monsterinsights_sitenote_category":0,"footnotes":""},"class_list":["post-988440","page","type-page","status-publish","hentry"],"yoast_head":"<!-- This site is optimized with the Yoast SEO plugin v18.2 - https:\/\/yoast.com\/wordpress\/plugins\/seo\/ -->\n<title>Logement supervis\u00e9 - Centre de L\u2019Espoir de l\u2019Arm\u00e9e du Salut<\/title>\n<meta name=\"robots\" content=\"index, follow, max-snippet:-1, max-image-preview:large, max-video-preview:-1\" \/>\n<link rel=\"canonical\" href=\"https:\/\/centreofhopeottawa.ca\/fr\/logement-supervise\/\" \/>\n<meta property=\"og:locale\" content=\"en_US\" \/>\n<meta property=\"og:type\" content=\"article\" \/>\n<meta property=\"og:title\" content=\"Logement supervis\u00e9 - Centre de L\u2019Espoir de l\u2019Arm\u00e9e du Salut\" \/>\n<meta property=\"og:description\" content=\"Le Centre de L\u2019Espoir disposera d&#8217;une r\u00e9sidence de style appartement de 32 unit\u00e9s, avec acc\u00e8s priv\u00e9 pour les gens dans le besoin. Les personnes occupant un logement supervis\u00e9 y vivront aussi longtemps que n\u00e9cessaire et elles pourront se pr\u00e9valoir d\u2019un soutien essentiel fourni sur place par l&#8217;Arm\u00e9e du Salut, comme de la nourriture et des...\" \/>\n<meta property=\"og:url\" content=\"https:\/\/centreofhopeottawa.ca\/fr\/logement-supervise\/\" \/>\n<meta property=\"og:site_name\" content=\"Centre de L\u2019Espoir de l\u2019Arm\u00e9e du Salut\" \/>\n<meta property=\"article:modified_time\" content=\"2022-03-07T15:59:13+00:00\" \/>\n<meta name=\"twitter:card\" content=\"summary_large_image\" \/>\n<meta name=\"twitter:label1\" content=\"Est. reading time\" \/>\n\t<meta name=\"twitter:data1\" content=\"1 minute\" \/>\n<script type=\"application\/ld+json\" class=\"yoast-schema-graph\">{\"@context\":\"https:\/\/schema.org\",\"@graph\":[{\"@type\":\"WebSite\",\"@id\":\"https:\/\/centreofhopeottawa.ca\/fr\/#website\",\"url\":\"https:\/\/centreofhopeottawa.ca\/fr\/\",\"name\":\"Centre de L\u2019Espoir de l\u2019Arm\u00e9e du Salut\",\"description\":\"333, chemin Montr\u00e9al, Ottawa\",\"potentialAction\":[{\"@type\":\"SearchAction\",\"target\":{\"@type\":\"EntryPoint\",\"urlTemplate\":\"https:\/\/centreofhopeottawa.ca\/fr\/?s={search_term_string}\"},\"query-input\":\"required name=search_term_string\"}],\"inLanguage\":\"en-US\"},{\"@type\":\"WebPage\",\"@id\":\"https:\/\/centreofhopeottawa.ca\/fr\/logement-supervise\/#webpage\",\"url\":\"https:\/\/centreofhopeottawa.ca\/fr\/logement-supervise\/\",\"name\":\"Logement supervis\u00e9 - Centre de L\u2019Espoir de l\u2019Arm\u00e9e du Salut\",\"isPartOf\":{\"@id\":\"https:\/\/centreofhopeottawa.ca\/fr\/#website\"},\"datePublished\":\"2021-10-22T21:40:18+00:00\",\"dateModified\":\"2022-03-07T15:59:13+00:00\",\"breadcrumb\":{\"@id\":\"https:\/\/centreofhopeottawa.ca\/fr\/logement-supervise\/#breadcrumb\"},\"inLanguage\":\"en-US\",\"potentialAction\":[{\"@type\":\"ReadAction\",\"target\":[\"https:\/\/centreofhopeottawa.ca\/fr\/logement-supervise\/\"]}]},{\"@type\":\"BreadcrumbList\",\"@id\":\"https:\/\/centreofhopeottawa.ca\/fr\/logement-supervise\/#breadcrumb\",\"itemListElement\":[{\"@type\":\"ListItem\",\"position\":1,\"name\":\"Home\",\"item\":\"https:\/\/centreofhopeottawa.ca\/fr\/\"},{\"@type\":\"ListItem\",\"position\":2,\"name\":\"Logement supervis\u00e9\"}]}]}<\/script>\n<!-- \/ Yoast SEO plugin. -->","yoast_head_json":{"title":"Logement supervis\u00e9 - Centre de L\u2019Espoir de l\u2019Arm\u00e9e du Salut","robots":{"index":"index","follow":"follow","max-snippet":"max-snippet:-1","max-image-preview":"max-image-preview:large","max-video-preview":"max-video-preview:-1"},"canonical":"https:\/\/centreofhopeottawa.ca\/fr\/logement-supervise\/","og_locale":"en_US","og_type":"article","og_title":"Logement supervis\u00e9 - Centre de L\u2019Espoir de l\u2019Arm\u00e9e du Salut","og_description":"Le Centre de L\u2019Espoir disposera d&#8217;une r\u00e9sidence de style appartement de 32 unit\u00e9s, avec acc\u00e8s priv\u00e9 pour les gens dans le besoin. Les personnes occupant un logement supervis\u00e9 y vivront aussi longtemps que n\u00e9cessaire et elles pourront se pr\u00e9valoir d\u2019un soutien essentiel fourni sur place par l&#8217;Arm\u00e9e du Salut, comme de la nourriture et des...","og_url":"https:\/\/centreofhopeottawa.ca\/fr\/logement-supervise\/","og_site_name":"Centre de L\u2019Espoir de l\u2019Arm\u00e9e du Salut","article_modified_time":"2022-03-07T15:59:13+00:00","twitter_card":"summary_large_image","twitter_misc":{"Est. reading time":"1 minute"},"schema":{"@context":"https:\/\/schema.org","@graph":[{"@type":"WebSite","@id":"https:\/\/centreofhopeottawa.ca\/fr\/#website","url":"https:\/\/centreofhopeottawa.ca\/fr\/","name":"Centre de L\u2019Espoir de l\u2019Arm\u00e9e du Salut","description":"333, chemin Montr\u00e9al, Ottawa","potentialAction":[{"@type":"SearchAction","target":{"@type":"EntryPoint","urlTemplate":"https:\/\/centreofhopeottawa.ca\/fr\/?s={search_term_string}"},"query-input":"required name=search_term_string"}],"inLanguage":"en-US"},{"@type":"WebPage","@id":"https:\/\/centreofhopeottawa.ca\/fr\/logement-supervise\/#webpage","url":"https:\/\/centreofhopeottawa.ca\/fr\/logement-supervise\/","name":"Logement supervis\u00e9 - Centre de L\u2019Espoir de l\u2019Arm\u00e9e du Salut","isPartOf":{"@id":"https:\/\/centreofhopeottawa.ca\/fr\/#website"},"datePublished":"2021-10-22T21:40:18+00:00","dateModified":"2022-03-07T15:59:13+00:00","breadcrumb":{"@id":"https:\/\/centreofhopeottawa.ca\/fr\/logement-supervise\/#breadcrumb"},"inLanguage":"en-US","potentialAction":[{"@type":"ReadAction","target":["https:\/\/centreofhopeottawa.ca\/fr\/logement-supervise\/"]}]},{"@type":"BreadcrumbList","@id":"https:\/\/centreofhopeottawa.ca\/fr\/logement-supervise\/#breadcrumb","itemListElement":[{"@type":"ListItem","position":1,"name":"Home","item":"https:\/\/centreofhopeottawa.ca\/fr\/"},{"@type":"ListItem","position":2,"name":"Logement supervis\u00e9"}]}]}},"_links":{"self":[{"href":"https:\/\/centreofhopeottawa.ca\/fr\/wp-json\/wp\/v2\/pages\/988440","targetHints":{"allow":["GET"]}}],"collection":[{"href":"https:\/\/centreofhopeottawa.ca\/fr\/wp-json\/wp\/v2\/pages"}],"about":[{"href":"https:\/\/centreofhopeottawa.ca\/fr\/wp-json\/wp\/v2\/types\/page"}],"author":[{"embeddable":true,"href":"https:\/\/centreofhopeottawa.ca\/fr\/wp-json\/wp\/v2\/users\/1"}],"replies":[{"embeddable":true,"href":"https:\/\/centreofhopeottawa.ca\/fr\/wp-json\/wp\/v2\/comments?post=988440"}],"version-history":[{"count":23,"href":"https:\/\/centreofhopeottawa.ca\/fr\/wp-json\/wp\/v2\/pages\/988440\/revisions"}],"predecessor-version":[{"id":988820,"href":"https:\/\/centreofhopeottawa.ca\/fr\/wp-json\/wp\/v2\/pages\/988440\/revisions\/988820"}],"wp:attachment":[{"href":"https:\/\/centreofhopeottawa.ca\/fr\/wp-json\/wp\/v2\/media?parent=988440"}],"curies":[{"name":"wp","href":"https:\/\/api.w.org\/{rel}","templated":true}]}}