{"id":987997,"date":"2021-10-06T02:16:39","date_gmt":"2021-10-06T06:16:39","guid":{"rendered":"http:\/\/centreofhopeottawa.ca\/fr\/?page_id=987997"},"modified":"2022-03-07T11:09:11","modified_gmt":"2022-03-07T16:09:11","slug":"services-communautaires-et-familiaux","status":"publish","type":"page","link":"https:\/\/centreofhopeottawa.ca\/fr\/services-communautaires-et-familiaux\/","title":{"rendered":"Services communautaires et familiaux"},"content":{"rendered":"\t\t<div data-elementor-type=\"wp-page\" data-elementor-id=\"987997\" class=\"elementor elementor-987997\" data-elementor-settings=\"[]\">\n\t\t\t\t\t\t\t<div class=\"elementor-section-wrap\">\n\t\t\t\t\t\t\t<section class=\"elementor-section elementor-top-section elementor-element elementor-element-67c5e6c6 elementor-section-full_width elementor-section-height-min-height animated-fast elementor-section-height-default elementor-section-items-middle elementor-invisible\" data-id=\"67c5e6c6\" data-element_type=\"section\" data-settings=\"{&quot;background_background&quot;:&quot;classic&quot;,&quot;animation&quot;:&quot;fadeIn&quot;}\">\n\t\t\t\t\t\t\t<div class=\"elementor-background-overlay\"><\/div>\n\t\t\t\t\t\t\t<div class=\"elementor-container elementor-column-gap-no\">\n\t\t\t\t\t<div class=\"elementor-column elementor-col-100 elementor-top-column elementor-element elementor-element-697a3989\" data-id=\"697a3989\" data-element_type=\"column\">\n\t\t\t<div class=\"elementor-widget-wrap\">\n\t\t\t\t\t\t\t\t\t<\/div>\n\t\t<\/div>\n\t\t\t\t\t\t\t<\/div>\n\t\t<\/section>\n\t\t\t\t<section class=\"elementor-section elementor-top-section elementor-element elementor-element-57f59fd elementor-section-boxed elementor-section-height-default elementor-section-height-default\" data-id=\"57f59fd\" data-element_type=\"section\">\n\t\t\t\t\t\t<div class=\"elementor-container elementor-column-gap-no\">\n\t\t\t\t\t<div class=\"elementor-column elementor-col-50 elementor-top-column elementor-element elementor-element-374e4a4\" data-id=\"374e4a4\" data-element_type=\"column\" data-settings=\"{&quot;motion_fx_motion_fx_scrolling&quot;:&quot;yes&quot;,&quot;motion_fx_translateY_effect&quot;:&quot;yes&quot;,&quot;motion_fx_translateY_speed&quot;:{&quot;unit&quot;:&quot;px&quot;,&quot;size&quot;:1,&quot;sizes&quot;:[]},&quot;motion_fx_devices&quot;:[&quot;desktop&quot;],&quot;motion_fx_translateY_affectedRange&quot;:{&quot;unit&quot;:&quot;%&quot;,&quot;size&quot;:&quot;&quot;,&quot;sizes&quot;:{&quot;start&quot;:0,&quot;end&quot;:100}}}\">\n\t\t\t<div class=\"elementor-widget-wrap elementor-element-populated\">\n\t\t\t\t\t\t\t\t<div class=\"elementor-element elementor-element-fb9e5c2 elementor-widget__width-auto elementor-widget-tablet__width-auto elementor-widget-mobile__width-inherit elementor-widget elementor-widget-heading\" data-id=\"fb9e5c2\" data-element_type=\"widget\" data-widget_type=\"heading.heading_caridad\">\n\t\t\t\t<div class=\"elementor-widget-container\">\n\t\t\t<h1 class=\"elementor-heading-title elementor-size-default\">Services communautaires\net familiaux<\/h1>\t\t<\/div>\n\t\t\t\t<\/div>\n\t\t\t\t\t<\/div>\n\t\t<\/div>\n\t\t\t\t<div class=\"elementor-column elementor-col-50 elementor-top-column elementor-element elementor-element-e3ac0d8 elementor-hidden-desktop elementor-hidden-tablet elementor-hidden-phone\" data-id=\"e3ac0d8\" data-element_type=\"column\">\n\t\t\t<div class=\"elementor-widget-wrap\">\n\t\t\t\t\t\t\t\t\t<\/div>\n\t\t<\/div>\n\t\t\t\t\t\t\t<\/div>\n\t\t<\/section>\n\t\t\t\t<section class=\"elementor-section elementor-top-section elementor-element elementor-element-67e6727 elementor-reverse-tablet elementor-reverse-mobile elementor-section-boxed elementor-section-height-default elementor-section-height-default\" data-id=\"67e6727\" data-element_type=\"section\">\n\t\t\t\t\t\t<div class=\"elementor-container elementor-column-gap-no\">\n\t\t\t\t\t<div class=\"elementor-column elementor-col-100 elementor-top-column elementor-element elementor-element-0fa960c\" data-id=\"0fa960c\" data-element_type=\"column\">\n\t\t\t<div class=\"elementor-widget-wrap elementor-element-populated\">\n\t\t\t\t\t\t\t\t<div class=\"elementor-element elementor-element-f07451c elementor-widget elementor-widget-text-editor\" data-id=\"f07451c\" data-element_type=\"widget\" data-widget_type=\"text-editor.default\">\n\t\t\t\t<div class=\"elementor-widget-container\">\n\t\t\t\t\t\t\t<p><a href=\"http:\/\/centreofhopeottawa.ca\/fr\/wp-content\/uploads\/2021\/11\/Community-Family-Services-1.jpg\"><img loading=\"lazy\" decoding=\"async\" class=\"alignright size-medium wp-image-988629\" src=\"http:\/\/centreofhopeottawa.ca\/fr\/wp-content\/uploads\/2021\/11\/Community-Family-Services-1-300x225.jpg\" alt=\"\" width=\"300\" height=\"225\" srcset=\"https:\/\/centreofhopeottawa.ca\/fr\/wp-content\/uploads\/2021\/11\/Community-Family-Services-1-300x225.jpg 300w, https:\/\/centreofhopeottawa.ca\/fr\/wp-content\/uploads\/2021\/11\/Community-Family-Services-1-1024x768.jpg 1024w, https:\/\/centreofhopeottawa.ca\/fr\/wp-content\/uploads\/2021\/11\/Community-Family-Services-1-768x576.jpg 768w, https:\/\/centreofhopeottawa.ca\/fr\/wp-content\/uploads\/2021\/11\/Community-Family-Services-1.jpg 1080w\" sizes=\"auto, (max-width: 300px) 100vw, 300px\" \/><\/a><\/p><p>Le Centre de L\u2019Espoir est con\u00e7u pour \u00eatre utilis\u00e9 et appr\u00e9ci\u00e9 par l\u2019ensemble de la communaut\u00e9.\u00a0\u00a0 Trois espaces communautaires polyvalents seront disponibles sept jours sur sept pour tous les membres de la collectivit\u00e9. Ces espaces seront propos\u00e9s aux groupes communautaires pour y organiser des r\u00e9unions, des cours, des formations linguistiques, des activit\u00e9s familiales, des services, des \u00e9v\u00e9nements sp\u00e9ciaux et plus encore.<\/p><p>Gr\u00e2ce au Programme de services communautaires et familiaux de l&#8217;Arm\u00e9e du Salut, le <em>Centre de L\u2019Espoir<\/em> fournira de la nourriture, des v\u00eatements et des articles m\u00e9nagers d\u2019urgence ainsi qu\u2019une aide au transport pour les personnes dans le besoin.<\/p><p>En outre, nous offrons :<\/p><ul><li><strong>Programme d&#8217;aide aux impay\u00e9s d\u2019\u00e9nergie (AIE)<\/strong> \u2014 Soutien financier aux r\u00e9sidents d&#8217;Ottawa qui ont pris du retard sur leur facture d&#8217;\u00e9lectricit\u00e9 pour \u00e9viter la perte de logement.<\/li><li><strong><em>MoneyWise<\/em><\/strong> \u2014 Le\u00e7ons sur la fa\u00e7on de g\u00e9rer les finances et d&#8217;\u00e9viter l&#8217;itin\u00e9rance pour les personnes et les familles qui re\u00e7oivent l\u2019aide sociale, une pension et un salaire.<\/li><li><strong>Services correctionnels et judiciaires<\/strong> \u2013 L&#8217;Arm\u00e9e du Salut travaille avec des gens qui ont interpell\u00e9 le syst\u00e8me judiciaire pour la premi\u00e8re fois \u00e0 qui l\u2019on ordonne d\u2019effectuer des travaux communautaires. Nous les mettons en contact avec un travailleur social de l&#8217;Ordre du service communautaire (OSC) qui \u00e9value leurs comp\u00e9tences et les place dans une communaut\u00e9 o\u00f9 ils pourront faire leur b\u00e9n\u00e9volat.<\/li><li><strong>Camp d\u2019aventure estivale <\/strong>\u2014 Un camp d&#8217;\u00e9t\u00e9 de six jours pour les enfants \u00e2g\u00e9s de 7 \u00e0 15 ans \u00e0 Jackson\u2019s Point et \u00e0 Newport, en Ontario.<\/li><\/ul><p><strong><br \/>Sensibilisation communautaire<\/strong><\/p><ul><li><strong>Montagne de jouets<\/strong> \u2013 En partenariat avec Bell M\u00e9dia, le Centre de L\u2019Espoir de l&#8217;Arm\u00e9e du Salut supervise la collecte et la distribution de jouets neufs non emball\u00e9s \u00e0 plus de 7 500 familles d\u00e9favoris\u00e9es de la r\u00e9gion d&#8217;Ottawa chaque ann\u00e9e \u00e0 No\u00ebl.<\/li><li><strong>Campagne des marmites<\/strong> &#8211; La campagne des marmites de No\u00ebl est une importante initiative annuelle de collecte de fonds dont les recettes servent \u00e0 soutenir les programmes de services communautaires et familiaux de l&#8217;Arm\u00e9e du Salut, ainsi que le camp d&#8217;\u00e9t\u00e9 pour enfants.<\/li><\/ul><p>Pour vous porter b\u00e9n\u00e9vole pour l&#8217;une ou l&#8217;autre de ces campagnes, veuillez communiquer avec Kristine Farnel au 613-241-1573, poste 307.<\/p>\t\t\t\t\t\t<\/div>\n\t\t\t\t<\/div>\n\t\t\t\t\t<\/div>\n\t\t<\/div>\n\t\t\t\t\t\t\t<\/div>\n\t\t<\/section>\n\t\t\t\t\t\t<\/div>\n\t\t\t\t\t<\/div>\n\t\t","protected":false},"excerpt":{"rendered":"<p>Services communautaireset familiaux Le Centre de L\u2019Espoir est con\u00e7u pour \u00eatre utilis\u00e9 et appr\u00e9ci\u00e9 par l\u2019ensemble de la communaut\u00e9.\u00a0\u00a0 Trois espaces communautaires polyvalents seront disponibles sept jours sur sept pour tous les membres de la collectivit\u00e9. Ces espaces seront propos\u00e9s aux groupes communautaires pour y organiser des r\u00e9unions, des cours, des formations linguistiques, des activit\u00e9s&#8230;<\/p>\n","protected":false},"author":1,"featured_media":0,"parent":0,"menu_order":0,"comment_status":"closed","ping_status":"closed","template":"","meta":{"_monsterinsights_skip_tracking":false,"_monsterinsights_sitenote_active":false,"_monsterinsights_sitenote_note":"","_monsterinsights_sitenote_category":0,"footnotes":""},"class_list":["post-987997","page","type-page","status-publish","hentry"],"yoast_head":"<!-- This site is optimized with the Yoast SEO plugin v18.2 - https:\/\/yoast.com\/wordpress\/plugins\/seo\/ -->\n<title>Services communautaires et familiaux - Centre de L\u2019Espoir de l\u2019Arm\u00e9e du Salut<\/title>\n<meta name=\"robots\" content=\"index, follow, max-snippet:-1, max-image-preview:large, max-video-preview:-1\" \/>\n<link rel=\"canonical\" href=\"https:\/\/centreofhopeottawa.ca\/fr\/services-communautaires-et-familiaux\/\" \/>\n<meta property=\"og:locale\" content=\"en_US\" \/>\n<meta property=\"og:type\" content=\"article\" \/>\n<meta property=\"og:title\" content=\"Services communautaires et familiaux - Centre de L\u2019Espoir de l\u2019Arm\u00e9e du Salut\" \/>\n<meta property=\"og:description\" content=\"Services communautaireset familiaux Le Centre de L\u2019Espoir est con\u00e7u pour \u00eatre utilis\u00e9 et appr\u00e9ci\u00e9 par l\u2019ensemble de la communaut\u00e9.\u00a0\u00a0 Trois espaces communautaires polyvalents seront disponibles sept jours sur sept pour tous les membres de la collectivit\u00e9. Ces espaces seront propos\u00e9s aux groupes communautaires pour y organiser des r\u00e9unions, des cours, des formations linguistiques, des activit\u00e9s...\" \/>\n<meta property=\"og:url\" content=\"https:\/\/centreofhopeottawa.ca\/fr\/services-communautaires-et-familiaux\/\" \/>\n<meta property=\"og:site_name\" content=\"Centre de L\u2019Espoir de l\u2019Arm\u00e9e du Salut\" \/>\n<meta property=\"article:modified_time\" content=\"2022-03-07T16:09:11+00:00\" \/>\n<meta property=\"og:image\" content=\"http:\/\/centreofhopeottawa.ca\/fr\/wp-content\/uploads\/2021\/11\/Community-Family-Services-1-300x225.jpg\" \/>\n<meta name=\"twitter:card\" content=\"summary_large_image\" \/>\n<meta name=\"twitter:label1\" content=\"Est. reading time\" \/>\n\t<meta name=\"twitter:data1\" content=\"2 minutes\" \/>\n<script type=\"application\/ld+json\" class=\"yoast-schema-graph\">{\"@context\":\"https:\/\/schema.org\",\"@graph\":[{\"@type\":\"WebSite\",\"@id\":\"https:\/\/centreofhopeottawa.ca\/fr\/#website\",\"url\":\"https:\/\/centreofhopeottawa.ca\/fr\/\",\"name\":\"Centre de L\u2019Espoir de l\u2019Arm\u00e9e du Salut\",\"description\":\"333, chemin Montr\u00e9al, Ottawa\",\"potentialAction\":[{\"@type\":\"SearchAction\",\"target\":{\"@type\":\"EntryPoint\",\"urlTemplate\":\"https:\/\/centreofhopeottawa.ca\/fr\/?s={search_term_string}\"},\"query-input\":\"required name=search_term_string\"}],\"inLanguage\":\"en-US\"},{\"@type\":\"ImageObject\",\"@id\":\"https:\/\/centreofhopeottawa.ca\/fr\/services-communautaires-et-familiaux\/#primaryimage\",\"inLanguage\":\"en-US\",\"url\":\"http:\/\/centreofhopeottawa.ca\/fr\/wp-content\/uploads\/2021\/11\/Community-Family-Services-1-300x225.jpg\",\"contentUrl\":\"http:\/\/centreofhopeottawa.ca\/fr\/wp-content\/uploads\/2021\/11\/Community-Family-Services-1-300x225.jpg\"},{\"@type\":\"WebPage\",\"@id\":\"https:\/\/centreofhopeottawa.ca\/fr\/services-communautaires-et-familiaux\/#webpage\",\"url\":\"https:\/\/centreofhopeottawa.ca\/fr\/services-communautaires-et-familiaux\/\",\"name\":\"Services communautaires et familiaux - Centre de L\u2019Espoir de l\u2019Arm\u00e9e du Salut\",\"isPartOf\":{\"@id\":\"https:\/\/centreofhopeottawa.ca\/fr\/#website\"},\"primaryImageOfPage\":{\"@id\":\"https:\/\/centreofhopeottawa.ca\/fr\/services-communautaires-et-familiaux\/#primaryimage\"},\"datePublished\":\"2021-10-06T06:16:39+00:00\",\"dateModified\":\"2022-03-07T16:09:11+00:00\",\"breadcrumb\":{\"@id\":\"https:\/\/centreofhopeottawa.ca\/fr\/services-communautaires-et-familiaux\/#breadcrumb\"},\"inLanguage\":\"en-US\",\"potentialAction\":[{\"@type\":\"ReadAction\",\"target\":[\"https:\/\/centreofhopeottawa.ca\/fr\/services-communautaires-et-familiaux\/\"]}]},{\"@type\":\"BreadcrumbList\",\"@id\":\"https:\/\/centreofhopeottawa.ca\/fr\/services-communautaires-et-familiaux\/#breadcrumb\",\"itemListElement\":[{\"@type\":\"ListItem\",\"position\":1,\"name\":\"Home\",\"item\":\"https:\/\/centreofhopeottawa.ca\/fr\/\"},{\"@type\":\"ListItem\",\"position\":2,\"name\":\"Services communautaires et familiaux\"}]}]}<\/script>\n<!-- \/ Yoast SEO plugin. -->","yoast_head_json":{"title":"Services communautaires et familiaux - Centre de L\u2019Espoir de l\u2019Arm\u00e9e du Salut","robots":{"index":"index","follow":"follow","max-snippet":"max-snippet:-1","max-image-preview":"max-image-preview:large","max-video-preview":"max-video-preview:-1"},"canonical":"https:\/\/centreofhopeottawa.ca\/fr\/services-communautaires-et-familiaux\/","og_locale":"en_US","og_type":"article","og_title":"Services communautaires et familiaux - Centre de L\u2019Espoir de l\u2019Arm\u00e9e du Salut","og_description":"Services communautaireset familiaux Le Centre de L\u2019Espoir est con\u00e7u pour \u00eatre utilis\u00e9 et appr\u00e9ci\u00e9 par l\u2019ensemble de la communaut\u00e9.\u00a0\u00a0 Trois espaces communautaires polyvalents seront disponibles sept jours sur sept pour tous les membres de la collectivit\u00e9. Ces espaces seront propos\u00e9s aux groupes communautaires pour y organiser des r\u00e9unions, des cours, des formations linguistiques, des activit\u00e9s...","og_url":"https:\/\/centreofhopeottawa.ca\/fr\/services-communautaires-et-familiaux\/","og_site_name":"Centre de L\u2019Espoir de l\u2019Arm\u00e9e du Salut","article_modified_time":"2022-03-07T16:09:11+00:00","og_image":[{"url":"http:\/\/centreofhopeottawa.ca\/fr\/wp-content\/uploads\/2021\/11\/Community-Family-Services-1-300x225.jpg"}],"twitter_card":"summary_large_image","twitter_misc":{"Est. reading time":"2 minutes"},"schema":{"@context":"https:\/\/schema.org","@graph":[{"@type":"WebSite","@id":"https:\/\/centreofhopeottawa.ca\/fr\/#website","url":"https:\/\/centreofhopeottawa.ca\/fr\/","name":"Centre de L\u2019Espoir de l\u2019Arm\u00e9e du Salut","description":"333, chemin Montr\u00e9al, Ottawa","potentialAction":[{"@type":"SearchAction","target":{"@type":"EntryPoint","urlTemplate":"https:\/\/centreofhopeottawa.ca\/fr\/?s={search_term_string}"},"query-input":"required name=search_term_string"}],"inLanguage":"en-US"},{"@type":"ImageObject","@id":"https:\/\/centreofhopeottawa.ca\/fr\/services-communautaires-et-familiaux\/#primaryimage","inLanguage":"en-US","url":"http:\/\/centreofhopeottawa.ca\/fr\/wp-content\/uploads\/2021\/11\/Community-Family-Services-1-300x225.jpg","contentUrl":"http:\/\/centreofhopeottawa.ca\/fr\/wp-content\/uploads\/2021\/11\/Community-Family-Services-1-300x225.jpg"},{"@type":"WebPage","@id":"https:\/\/centreofhopeottawa.ca\/fr\/services-communautaires-et-familiaux\/#webpage","url":"https:\/\/centreofhopeottawa.ca\/fr\/services-communautaires-et-familiaux\/","name":"Services communautaires et familiaux - Centre de L\u2019Espoir de l\u2019Arm\u00e9e du Salut","isPartOf":{"@id":"https:\/\/centreofhopeottawa.ca\/fr\/#website"},"primaryImageOfPage":{"@id":"https:\/\/centreofhopeottawa.ca\/fr\/services-communautaires-et-familiaux\/#primaryimage"},"datePublished":"2021-10-06T06:16:39+00:00","dateModified":"2022-03-07T16:09:11+00:00","breadcrumb":{"@id":"https:\/\/centreofhopeottawa.ca\/fr\/services-communautaires-et-familiaux\/#breadcrumb"},"inLanguage":"en-US","potentialAction":[{"@type":"ReadAction","target":["https:\/\/centreofhopeottawa.ca\/fr\/services-communautaires-et-familiaux\/"]}]},{"@type":"BreadcrumbList","@id":"https:\/\/centreofhopeottawa.ca\/fr\/services-communautaires-et-familiaux\/#breadcrumb","itemListElement":[{"@type":"ListItem","position":1,"name":"Home","item":"https:\/\/centreofhopeottawa.ca\/fr\/"},{"@type":"ListItem","position":2,"name":"Services communautaires et familiaux"}]}]}},"_links":{"self":[{"href":"https:\/\/centreofhopeottawa.ca\/fr\/wp-json\/wp\/v2\/pages\/987997","targetHints":{"allow":["GET"]}}],"collection":[{"href":"https:\/\/centreofhopeottawa.ca\/fr\/wp-json\/wp\/v2\/pages"}],"about":[{"href":"https:\/\/centreofhopeottawa.ca\/fr\/wp-json\/wp\/v2\/types\/page"}],"author":[{"embeddable":true,"href":"https:\/\/centreofhopeottawa.ca\/fr\/wp-json\/wp\/v2\/users\/1"}],"replies":[{"embeddable":true,"href":"https:\/\/centreofhopeottawa.ca\/fr\/wp-json\/wp\/v2\/comments?post=987997"}],"version-history":[{"count":66,"href":"https:\/\/centreofhopeottawa.ca\/fr\/wp-json\/wp\/v2\/pages\/987997\/revisions"}],"predecessor-version":[{"id":988842,"href":"https:\/\/centreofhopeottawa.ca\/fr\/wp-json\/wp\/v2\/pages\/987997\/revisions\/988842"}],"wp:attachment":[{"href":"https:\/\/centreofhopeottawa.ca\/fr\/wp-json\/wp\/v2\/media?parent=987997"}],"curies":[{"name":"wp","href":"https:\/\/api.w.org\/{rel}","templated":true}]}}