{"id":36908,"date":"2021-03-05T18:58:56","date_gmt":"2021-03-05T23:58:56","guid":{"rendered":"https:\/\/caridad.vamtam.com\/?page_id=36908"},"modified":"2022-05-11T12:13:03","modified_gmt":"2022-05-11T16:13:03","slug":"home","status":"publish","type":"page","link":"https:\/\/centreofhopeottawa.ca\/fr\/","title":{"rendered":"Accueil"},"content":{"rendered":"\t\t<div data-elementor-type=\"wp-page\" data-elementor-id=\"36908\" class=\"elementor elementor-36908\" data-elementor-settings=\"[]\">\n\t\t\t\t\t\t\t<div class=\"elementor-section-wrap\">\n\t\t\t\t\t\t\t<section class=\"elementor-section elementor-top-section elementor-element elementor-element-632c931 elementor-section-full_width elementor-section-height-min-height elementor-section-content-top elementor-section-height-default elementor-section-items-middle\" data-id=\"632c931\" data-element_type=\"section\" data-settings=\"{&quot;background_background&quot;:&quot;classic&quot;,&quot;animation&quot;:&quot;none&quot;}\">\n\t\t\t\t\t\t\t<div class=\"elementor-background-overlay\"><\/div>\n\t\t\t\t\t\t\t<div class=\"elementor-container elementor-column-gap-default\">\n\t\t\t\t\t<div class=\"elementor-column elementor-col-100 elementor-top-column elementor-element elementor-element-656bde1\" data-id=\"656bde1\" data-element_type=\"column\">\n\t\t\t<div class=\"elementor-widget-wrap elementor-element-populated\">\n\t\t\t\t\t\t\t\t<section class=\"elementor-section elementor-inner-section elementor-element elementor-element-ba01077 elementor-section-boxed elementor-section-height-default elementor-section-height-default elementor-invisible\" data-id=\"ba01077\" data-element_type=\"section\" data-settings=\"{&quot;animation&quot;:&quot;fadeIn&quot;}\">\n\t\t\t\t\t\t<div class=\"elementor-container elementor-column-gap-default\">\n\t\t\t\t\t<div class=\"elementor-column elementor-col-100 elementor-inner-column elementor-element elementor-element-7d87d74\" data-id=\"7d87d74\" data-element_type=\"column\">\n\t\t\t<div class=\"elementor-widget-wrap elementor-element-populated\">\n\t\t\t\t\t\t\t\t<div class=\"elementor-element elementor-element-923814a elementor-widget elementor-widget-heading\" data-id=\"923814a\" data-element_type=\"widget\" data-settings=\"{&quot;_animation&quot;:&quot;none&quot;,&quot;_animation_tablet&quot;:&quot;none&quot;,&quot;_animation_mobile&quot;:&quot;none&quot;,&quot;_animation_delay&quot;:0}\" data-widget_type=\"heading.default\">\n\t\t\t\t<div class=\"elementor-widget-container\">\n\t\t\t<h1 class=\"elementor-heading-title elementor-size-default\">Un lieu d\u2019espoir et de transformation<\/h1>\t\t<\/div>\n\t\t\t\t<\/div>\n\t\t\t\t<div class=\"elementor-element elementor-element-ae91f18 elementor-align-center elementor-widget elementor-widget-button\" data-id=\"ae91f18\" data-element_type=\"widget\" data-settings=\"{&quot;_animation&quot;:&quot;none&quot;}\" data-widget_type=\"button.default\">\n\t\t\t\t<div class=\"elementor-widget-container\">\n\t\t\t\t\t<div class=\"elementor-button-wrapper\">\n\t\t\t<a href=\"#home-more\" class=\"elementor-button-link elementor-button elementor-size-xs\" role=\"button\">\n\t\t\t\t\t\t<span class=\"elementor-button-content-wrapper\">\n\t\t\t\t\t\t<span class=\"elementor-button-text\">En savoir plus<\/span>\n\t\t<\/span>\n\t\t\t\t\t<\/a>\n\t\t<\/div>\n\t\t\t\t<\/div>\n\t\t\t\t<\/div>\n\t\t\t\t\t<\/div>\n\t\t<\/div>\n\t\t\t\t\t\t\t<\/div>\n\t\t<\/section>\n\t\t\t\t\t<\/div>\n\t\t<\/div>\n\t\t\t\t\t\t\t<\/div>\n\t\t<\/section>\n\t\t\t\t<section class=\"elementor-section elementor-top-section elementor-element elementor-element-201c5e6 elementor-section-boxed elementor-section-height-default elementor-section-height-default elementor-invisible\" data-id=\"201c5e6\" data-element_type=\"section\" data-settings=\"{&quot;animation&quot;:&quot;fadeInUp&quot;}\">\n\t\t\t\t\t\t<div class=\"elementor-container elementor-column-gap-default\">\n\t\t\t\t\t<div class=\"elementor-column elementor-col-50 elementor-top-column elementor-element elementor-element-6cb4435\" data-id=\"6cb4435\" data-element_type=\"column\">\n\t\t\t<div class=\"elementor-widget-wrap elementor-element-populated\">\n\t\t\t\t\t\t\t\t<div class=\"elementor-element elementor-element-c991310 elementor-widget elementor-widget-heading\" data-id=\"c991310\" data-element_type=\"widget\" id=\"home-more\" data-widget_type=\"heading.default\">\n\t\t\t\t<div class=\"elementor-widget-container\">\n\t\t\t<h2 class=\"elementor-heading-title elementor-size-default\">Centre de L\u2019Espoir Ottawa<\/h2>\t\t<\/div>\n\t\t\t\t<\/div>\n\t\t\t\t<div class=\"elementor-element elementor-element-a40bea9 elementor-widget elementor-widget-text-editor\" data-id=\"a40bea9\" data-element_type=\"widget\" data-widget_type=\"text-editor.default\">\n\t\t\t\t<div class=\"elementor-widget-container\">\n\t\t\t\t\t\t\t<p>Le nouveau Centre de L\u2019Espoir<em>\u00a0<\/em>de l\u2019Arm\u00e9e du Salut sera situ\u00e9 dans l&#8217;est du centre-ville d&#8217;Ottawa, au 333, chemin Montr\u00e9al. Con\u00e7u pour \u00eatre accessible et pourvoir \u00e0 un large \u00e9ventail de besoins communautaires, il sera aussi ouvert et accueillant pour la communaut\u00e9 en g\u00e9n\u00e9ral que pour les personnes qui ont besoin de nos services.<\/p>\t\t\t\t\t\t<\/div>\n\t\t\t\t<\/div>\n\t\t\t\t<div class=\"elementor-element elementor-element-6a55760 elementor-align-left elementor-widget elementor-widget-button\" data-id=\"6a55760\" data-element_type=\"widget\" data-widget_type=\"button.default\">\n\t\t\t\t<div class=\"elementor-widget-container\">\n\t\t\t\t\t<div class=\"elementor-button-wrapper\">\n\t\t\t<a href=\"https:\/\/centreofhopeottawa.ca\/fr\/about\/\" class=\"elementor-button-link elementor-button elementor-size-sm\" role=\"button\">\n\t\t\t\t\t\t<span class=\"elementor-button-content-wrapper\">\n\t\t\t\t\t\t<span class=\"elementor-button-text\">Suite<\/span>\n\t\t<\/span>\n\t\t\t\t\t<\/a>\n\t\t<\/div>\n\t\t\t\t<\/div>\n\t\t\t\t<\/div>\n\t\t\t\t\t<\/div>\n\t\t<\/div>\n\t\t\t\t<div class=\"elementor-column elementor-col-50 elementor-top-column elementor-element elementor-element-53791db elementor-hidden-mobile\" data-id=\"53791db\" data-element_type=\"column\" data-settings=\"{&quot;background_background&quot;:&quot;classic&quot;,&quot;animation&quot;:&quot;none&quot;,&quot;animation_tablet&quot;:&quot;none&quot;,&quot;animation_mobile&quot;:&quot;none&quot;,&quot;animation_delay&quot;:0}\">\n\t\t\t<div class=\"elementor-widget-wrap\">\n\t\t\t\t\t\t\t\t\t<\/div>\n\t\t<\/div>\n\t\t\t\t\t\t\t<\/div>\n\t\t<\/section>\n\t\t\t\t<section class=\"elementor-section elementor-top-section elementor-element elementor-element-2043d19 elementor-section-boxed elementor-section-height-default elementor-section-height-default elementor-invisible\" data-id=\"2043d19\" data-element_type=\"section\" data-settings=\"{&quot;animation&quot;:&quot;fadeInRight&quot;}\">\n\t\t\t\t\t\t<div class=\"elementor-container elementor-column-gap-default\">\n\t\t\t\t\t<div class=\"elementor-column elementor-col-100 elementor-top-column elementor-element elementor-element-f2f80ab\" data-id=\"f2f80ab\" data-element_type=\"column\">\n\t\t\t<div class=\"elementor-widget-wrap elementor-element-populated\">\n\t\t\t\t\t\t\t\t<div class=\"elementor-element elementor-element-abe5b22 animated-fast elementor-invisible elementor-widget elementor-widget-heading\" data-id=\"abe5b22\" data-element_type=\"widget\" data-settings=\"{&quot;_animation&quot;:&quot;fadeIn&quot;,&quot;_animation_tablet&quot;:&quot;none&quot;,&quot;_animation_mobile&quot;:&quot;none&quot;,&quot;_animation_delay&quot;:100}\" data-widget_type=\"heading.default\">\n\t\t\t\t<div class=\"elementor-widget-container\">\n\t\t\t<h4 class=\"elementor-heading-title elementor-size-default\">Le Centre de L\u2019Espoir proposera<\/h4>\t\t<\/div>\n\t\t\t\t<\/div>\n\t\t\t\t<div class=\"elementor-element elementor-element-9368e6f elementor-widget-divider--view-line elementor-widget elementor-widget-divider\" data-id=\"9368e6f\" data-element_type=\"widget\" data-widget_type=\"divider.default\">\n\t\t\t\t<div class=\"elementor-widget-container\">\n\t\t\t\t\t<div class=\"elementor-divider\">\n\t\t\t<span class=\"elementor-divider-separator\">\n\t\t\t\t\t\t<\/span>\n\t\t<\/div>\n\t\t\t\t<\/div>\n\t\t\t\t<\/div>\n\t\t\t\t\t<\/div>\n\t\t<\/div>\n\t\t\t\t\t\t\t<\/div>\n\t\t<\/section>\n\t\t\t\t<section class=\"elementor-section elementor-top-section elementor-element elementor-element-34bac69 elementor-section-boxed elementor-section-height-default elementor-section-height-default elementor-invisible\" data-id=\"34bac69\" data-element_type=\"section\" data-settings=\"{&quot;background_background&quot;:&quot;classic&quot;,&quot;animation&quot;:&quot;fadeInRight&quot;}\">\n\t\t\t\t\t\t<div class=\"elementor-container elementor-column-gap-narrow\">\n\t\t\t\t\t<div class=\"elementor-column elementor-col-33 elementor-top-column elementor-element elementor-element-ac77b8d\" data-id=\"ac77b8d\" data-element_type=\"column\" data-settings=\"{&quot;background_background&quot;:&quot;classic&quot;}\">\n\t\t\t<div class=\"elementor-widget-wrap elementor-element-populated\">\n\t\t\t\t\t\t\t\t<div class=\"elementor-element elementor-element-e41b98f elementor-cta--layout-image-above elementor-cta--valign-bottom elementor-cta--skin-classic elementor-animated-content elementor-widget elementor-widget-call-to-action\" data-id=\"e41b98f\" data-element_type=\"widget\" data-widget_type=\"call-to-action.default\">\n\t\t\t\t<div class=\"elementor-widget-container\">\n\t\t\t\t\t<a href=\"https:\/\/centreofhopeottawa.ca\/fr\/logement-supervise\/\" class=\"elementor-cta\">\n\t\t\t\t\t\t\t<div class=\"elementor-cta__content\">\n\t\t\t\t\n\t\t\t\t\t\t\t\t\t<h3 class=\"elementor-cta__title elementor-cta__content-item elementor-content-item\">\n\t\t\t\t\t\tLogement supervis\u00e9\t\t\t\t\t<\/h3>\n\t\t\t\t\n\t\t\t\t\n\t\t\t\t\t\t\t<\/div>\n\t\t\t\t\t\t<\/a>\n\t\t\t\t<\/div>\n\t\t\t\t<\/div>\n\t\t\t\t<div class=\"elementor-element elementor-element-177f41d elementor-cta--layout-image-above elementor-cta--valign-bottom elementor-cta--skin-classic elementor-animated-content elementor-widget elementor-widget-call-to-action\" data-id=\"177f41d\" data-element_type=\"widget\" data-widget_type=\"call-to-action.default\">\n\t\t\t\t<div class=\"elementor-widget-container\">\n\t\t\t\t\t<a href=\"https:\/\/centreofhopeottawa.ca\/fr\/programme-de-vie-autonome-transitoire\/\" class=\"elementor-cta\">\n\t\t\t\t\t\t\t<div class=\"elementor-cta__content\">\n\t\t\t\t\n\t\t\t\t\t\t\t\t\t<h3 class=\"elementor-cta__title elementor-cta__content-item elementor-content-item\">\n\t\t\t\t\t\tProgramme de vie autonome transitoire\t\t\t\t\t<\/h3>\n\t\t\t\t\n\t\t\t\t\n\t\t\t\t\t\t\t<\/div>\n\t\t\t\t\t\t<\/a>\n\t\t\t\t<\/div>\n\t\t\t\t<\/div>\n\t\t\t\t<div class=\"elementor-element elementor-element-6abe61d elementor-cta--layout-image-above elementor-cta--valign-bottom elementor-cta--skin-classic elementor-animated-content elementor-widget elementor-widget-call-to-action\" data-id=\"6abe61d\" data-element_type=\"widget\" data-widget_type=\"call-to-action.default\">\n\t\t\t\t<div class=\"elementor-widget-container\">\n\t\t\t\t\t<a href=\"https:\/\/centreofhopeottawa.ca\/fr\/programme-de-travail-de-rue\/\" class=\"elementor-cta\">\n\t\t\t\t\t\t\t<div class=\"elementor-cta__content\">\n\t\t\t\t\n\t\t\t\t\t\t\t\t\t<h3 class=\"elementor-cta__title elementor-cta__content-item elementor-content-item\">\n\t\t\t\t\t\tProgramme de travail de rue\t\t\t\t\t<\/h3>\n\t\t\t\t\n\t\t\t\t\n\t\t\t\t\t\t\t<\/div>\n\t\t\t\t\t\t<\/a>\n\t\t\t\t<\/div>\n\t\t\t\t<\/div>\n\t\t\t\t\t<\/div>\n\t\t<\/div>\n\t\t\t\t<div class=\"elementor-column elementor-col-33 elementor-top-column elementor-element elementor-element-188268a\" data-id=\"188268a\" data-element_type=\"column\">\n\t\t\t<div class=\"elementor-widget-wrap elementor-element-populated\">\n\t\t\t\t\t\t\t\t<div class=\"elementor-element elementor-element-2f7c3a5 elementor-cta--layout-image-above elementor-cta--valign-bottom elementor-cta--skin-classic elementor-animated-content elementor-widget elementor-widget-call-to-action\" data-id=\"2f7c3a5\" data-element_type=\"widget\" data-widget_type=\"call-to-action.default\">\n\t\t\t\t<div class=\"elementor-widget-container\">\n\t\t\t\t\t<a href=\"https:\/\/centreofhopeottawa.ca\/fr\/le-logement-dabord\/\" class=\"elementor-cta\">\n\t\t\t\t\t\t\t<div class=\"elementor-cta__content\">\n\t\t\t\t\n\t\t\t\t\t\t\t\t\t<h3 class=\"elementor-cta__title elementor-cta__content-item elementor-content-item\">\n\t\t\t\t\t\tLe logement d\u2019abord\t\t\t\t\t<\/h3>\n\t\t\t\t\n\t\t\t\t\n\t\t\t\t\t\t\t<\/div>\n\t\t\t\t\t\t<\/a>\n\t\t\t\t<\/div>\n\t\t\t\t<\/div>\n\t\t\t\t<div class=\"elementor-element elementor-element-c43fb11 elementor-cta--layout-image-above elementor-cta--valign-bottom elementor-cta--skin-classic elementor-animated-content elementor-widget elementor-widget-call-to-action\" data-id=\"c43fb11\" data-element_type=\"widget\" data-widget_type=\"call-to-action.default\">\n\t\t\t\t<div class=\"elementor-widget-container\">\n\t\t\t\t\t<a href=\"https:\/\/centreofhopeottawa.ca\/fr\/abri-durgence\/\" class=\"elementor-cta\">\n\t\t\t\t\t\t\t<div class=\"elementor-cta__content\">\n\t\t\t\t\n\t\t\t\t\t\t\t\t\t<h3 class=\"elementor-cta__title elementor-cta__content-item elementor-content-item\">\n\t\t\t\t\t\tAbri d\u2019urgence\t\t\t\t\t<\/h3>\n\t\t\t\t\n\t\t\t\t\n\t\t\t\t\t\t\t<\/div>\n\t\t\t\t\t\t<\/a>\n\t\t\t\t<\/div>\n\t\t\t\t<\/div>\n\t\t\t\t\t<\/div>\n\t\t<\/div>\n\t\t\t\t<div class=\"elementor-column elementor-col-33 elementor-top-column elementor-element elementor-element-a5a1f6e\" data-id=\"a5a1f6e\" data-element_type=\"column\">\n\t\t\t<div class=\"elementor-widget-wrap elementor-element-populated\">\n\t\t\t\t\t\t\t\t<div class=\"elementor-element elementor-element-d0bdb65 elementor-cta--layout-image-above elementor-cta--valign-bottom elementor-cta--skin-classic elementor-animated-content elementor-widget elementor-widget-call-to-action\" data-id=\"d0bdb65\" data-element_type=\"widget\" data-widget_type=\"call-to-action.default\">\n\t\t\t\t<div class=\"elementor-widget-container\">\n\t\t\t\t\t<a href=\"https:\/\/centreofhopeottawa.ca\/fr\/services-communautaires-et-familiaux\/\" class=\"elementor-cta\">\n\t\t\t\t\t\t\t<div class=\"elementor-cta__content\">\n\t\t\t\t\n\t\t\t\t\t\t\t\t\t<h3 class=\"elementor-cta__title elementor-cta__content-item elementor-content-item\">\n\t\t\t\t\t\tServices communautaires et familiaux\t\t\t\t\t<\/h3>\n\t\t\t\t\n\t\t\t\t\n\t\t\t\t\t\t\t<\/div>\n\t\t\t\t\t\t<\/a>\n\t\t\t\t<\/div>\n\t\t\t\t<\/div>\n\t\t\t\t<div class=\"elementor-element elementor-element-4e0b750 elementor-cta--layout-image-above elementor-cta--valign-bottom elementor-cta--skin-classic elementor-animated-content elementor-widget elementor-widget-call-to-action\" data-id=\"4e0b750\" data-element_type=\"widget\" data-widget_type=\"call-to-action.default\">\n\t\t\t\t<div class=\"elementor-widget-container\">\n\t\t\t\t\t<a href=\"https:\/\/centreofhopeottawa.ca\/fr\/unite-medicale-de-soins-speciaux\/\" class=\"elementor-cta\">\n\t\t\t\t\t\t\t<div class=\"elementor-cta__content\">\n\t\t\t\t\n\t\t\t\t\t\t\t\t\t<h3 class=\"elementor-cta__title elementor-cta__content-item elementor-content-item\">\n\t\t\t\t\t\tUnit\u00e9 m\u00e9dicale de soins sp\u00e9ciaux\t\t\t\t\t<\/h3>\n\t\t\t\t\n\t\t\t\t\n\t\t\t\t\t\t\t<\/div>\n\t\t\t\t\t\t<\/a>\n\t\t\t\t<\/div>\n\t\t\t\t<\/div>\n\t\t\t\t\t<\/div>\n\t\t<\/div>\n\t\t\t\t\t\t\t<\/div>\n\t\t<\/section>\n\t\t\t\t<section class=\"elementor-section elementor-top-section elementor-element elementor-element-5f0c79e elementor-section-boxed elementor-section-height-default elementor-section-height-default\" data-id=\"5f0c79e\" data-element_type=\"section\">\n\t\t\t\t\t\t<div class=\"elementor-container elementor-column-gap-default\">\n\t\t\t\t\t<div class=\"elementor-column elementor-col-100 elementor-top-column elementor-element elementor-element-ff4b2c7\" data-id=\"ff4b2c7\" data-element_type=\"column\">\n\t\t\t<div class=\"elementor-widget-wrap\">\n\t\t\t\t\t\t\t\t\t<\/div>\n\t\t<\/div>\n\t\t\t\t\t\t\t<\/div>\n\t\t<\/section>\n\t\t\t\t\t\t<\/div>\n\t\t\t\t\t<\/div>\n\t\t","protected":false},"excerpt":{"rendered":"<p>Un lieu d\u2019espoir et de transformation En savoir plus Centre de L\u2019Espoir Ottawa Le nouveau Centre de L\u2019Espoir&nbsp;de l\u2019Arm\u00e9e du Salut sera situ\u00e9 dans l&#8217;est du centre-ville d&#8217;Ottawa, au 333, chemin Montr\u00e9al. Con\u00e7u pour \u00eatre accessible et pourvoir \u00e0 un large \u00e9ventail de besoins communautaires, il sera aussi ouvert et accueillant pour la communaut\u00e9 en&#8230;<\/p>\n","protected":false},"author":1,"featured_media":0,"parent":0,"menu_order":0,"comment_status":"closed","ping_status":"closed","template":"","meta":{"_monsterinsights_skip_tracking":false,"_monsterinsights_sitenote_active":false,"_monsterinsights_sitenote_note":"","_monsterinsights_sitenote_category":0,"footnotes":""},"class_list":["post-36908","page","type-page","status-publish","hentry"],"yoast_head":"<!-- This site is optimized with the Yoast SEO plugin v18.2 - https:\/\/yoast.com\/wordpress\/plugins\/seo\/ -->\n<title>Accueil - Centre de L\u2019Espoir de l\u2019Arm\u00e9e du Salut<\/title>\n<meta name=\"robots\" content=\"index, follow, max-snippet:-1, max-image-preview:large, max-video-preview:-1\" \/>\n<link rel=\"canonical\" href=\"https:\/\/centreofhopeottawa.ca\/fr\/\" \/>\n<meta property=\"og:locale\" content=\"en_US\" \/>\n<meta property=\"og:type\" content=\"article\" \/>\n<meta property=\"og:title\" content=\"Centre de L\u2019Espoir de l\u2019Arm\u00e9e du Salut\" \/>\n<meta property=\"og:description\" content=\"Un lieu d\u2019espoir et de transformation. Le nouveau Centre de L\u2019Espoir de l\u2019Arm\u00e9e du Salut sera situ\u00e9 dans l\u2019est du centre-ville d\u2019Ottawa, au 333, chemin Montr\u00e9al. Con\u00e7u pour \u00eatre accessible et pourvoir \u00e0 un large \u00e9ventail de besoins communautaires, il sera aussi ouvert et accueillant pour la communaut\u00e9 en g\u00e9n\u00e9ral que pour les personnes qui ont besoin de nos services.\" \/>\n<meta property=\"og:url\" content=\"https:\/\/centreofhopeottawa.ca\/fr\/\" \/>\n<meta property=\"og:site_name\" content=\"Centre de L\u2019Espoir de l\u2019Arm\u00e9e du Salut\" \/>\n<meta property=\"article:modified_time\" content=\"2022-05-11T16:13:03+00:00\" \/>\n<meta property=\"og:image\" content=\"https:\/\/centreofhopeottawa.ca\/fr\/wp-content\/uploads\/2022\/05\/Centre-of-Hope-FB-FR.jpg\" \/>\n\t<meta property=\"og:image:width\" content=\"1200\" \/>\n\t<meta property=\"og:image:height\" content=\"630\" \/>\n\t<meta property=\"og:image:type\" content=\"image\/jpeg\" \/>\n<meta name=\"twitter:card\" content=\"summary_large_image\" \/>\n<meta name=\"twitter:title\" content=\"Centre de L\u2019Espoir de l\u2019Arm\u00e9e du Salut\" \/>\n<meta name=\"twitter:description\" content=\"Un lieu d\u2019espoir et de transformation. Le nouveau Centre de L\u2019Espoir de l\u2019Arm\u00e9e du Salut sera situ\u00e9 dans l\u2019est du centre-ville d\u2019Ottawa, au 333, chemin Montr\u00e9al. Con\u00e7u pour \u00eatre accessible et pourvoir \u00e0 un large \u00e9ventail de besoins communautaires, il sera aussi ouvert et accueillant pour la communaut\u00e9 en g\u00e9n\u00e9ral que pour les personnes qui ont besoin de nos services.\" \/>\n<meta name=\"twitter:image\" content=\"https:\/\/centreofhopeottawa.ca\/fr\/wp-content\/uploads\/2022\/05\/Centre-of-Hope-FB-FR.jpg\" \/>\n<meta name=\"twitter:label1\" content=\"Est. reading time\" \/>\n\t<meta name=\"twitter:data1\" content=\"1 minute\" \/>\n<script type=\"application\/ld+json\" class=\"yoast-schema-graph\">{\"@context\":\"https:\/\/schema.org\",\"@graph\":[{\"@type\":\"WebSite\",\"@id\":\"https:\/\/centreofhopeottawa.ca\/fr\/#website\",\"url\":\"https:\/\/centreofhopeottawa.ca\/fr\/\",\"name\":\"Centre de L\u2019Espoir de l\u2019Arm\u00e9e du Salut\",\"description\":\"333, chemin Montr\u00e9al, Ottawa\",\"potentialAction\":[{\"@type\":\"SearchAction\",\"target\":{\"@type\":\"EntryPoint\",\"urlTemplate\":\"https:\/\/centreofhopeottawa.ca\/fr\/?s={search_term_string}\"},\"query-input\":\"required name=search_term_string\"}],\"inLanguage\":\"en-US\"},{\"@type\":\"ImageObject\",\"@id\":\"https:\/\/centreofhopeottawa.ca\/fr\/#primaryimage\",\"inLanguage\":\"en-US\",\"url\":\"https:\/\/centreofhopeottawa.ca\/fr\/wp-content\/uploads\/2022\/05\/Centre-of-Hope-FB-FR.jpg\",\"contentUrl\":\"https:\/\/centreofhopeottawa.ca\/fr\/wp-content\/uploads\/2022\/05\/Centre-of-Hope-FB-FR.jpg\",\"width\":1200,\"height\":630},{\"@type\":\"WebPage\",\"@id\":\"https:\/\/centreofhopeottawa.ca\/fr\/#webpage\",\"url\":\"https:\/\/centreofhopeottawa.ca\/fr\/\",\"name\":\"Accueil - Centre de L\u2019Espoir de l\u2019Arm\u00e9e du Salut\",\"isPartOf\":{\"@id\":\"https:\/\/centreofhopeottawa.ca\/fr\/#website\"},\"datePublished\":\"2021-03-05T23:58:56+00:00\",\"dateModified\":\"2022-05-11T16:13:03+00:00\",\"breadcrumb\":{\"@id\":\"https:\/\/centreofhopeottawa.ca\/fr\/#breadcrumb\"},\"inLanguage\":\"en-US\",\"potentialAction\":[{\"@type\":\"ReadAction\",\"target\":[\"https:\/\/centreofhopeottawa.ca\/fr\/\"]}]},{\"@type\":\"BreadcrumbList\",\"@id\":\"https:\/\/centreofhopeottawa.ca\/fr\/#breadcrumb\",\"itemListElement\":[{\"@type\":\"ListItem\",\"position\":1,\"name\":\"Home\",\"item\":\"https:\/\/centreofhopeottawa.ca\/fr\/\"},{\"@type\":\"ListItem\",\"position\":2,\"name\":\"Accueil\"}]}]}<\/script>\n<!-- \/ Yoast SEO plugin. -->","yoast_head_json":{"title":"Accueil - Centre de L\u2019Espoir de l\u2019Arm\u00e9e du Salut","robots":{"index":"index","follow":"follow","max-snippet":"max-snippet:-1","max-image-preview":"max-image-preview:large","max-video-preview":"max-video-preview:-1"},"canonical":"https:\/\/centreofhopeottawa.ca\/fr\/","og_locale":"en_US","og_type":"article","og_title":"Centre de L\u2019Espoir de l\u2019Arm\u00e9e du Salut","og_description":"Un lieu d\u2019espoir et de transformation. Le nouveau Centre de L\u2019Espoir de l\u2019Arm\u00e9e du Salut sera situ\u00e9 dans l\u2019est du centre-ville d\u2019Ottawa, au 333, chemin Montr\u00e9al. Con\u00e7u pour \u00eatre accessible et pourvoir \u00e0 un large \u00e9ventail de besoins communautaires, il sera aussi ouvert et accueillant pour la communaut\u00e9 en g\u00e9n\u00e9ral que pour les personnes qui ont besoin de nos services.","og_url":"https:\/\/centreofhopeottawa.ca\/fr\/","og_site_name":"Centre de L\u2019Espoir de l\u2019Arm\u00e9e du Salut","article_modified_time":"2022-05-11T16:13:03+00:00","og_image":[{"width":1200,"height":630,"url":"https:\/\/centreofhopeottawa.ca\/fr\/wp-content\/uploads\/2022\/05\/Centre-of-Hope-FB-FR.jpg","type":"image\/jpeg"}],"twitter_card":"summary_large_image","twitter_title":"Centre de L\u2019Espoir de l\u2019Arm\u00e9e du Salut","twitter_description":"Un lieu d\u2019espoir et de transformation. Le nouveau Centre de L\u2019Espoir de l\u2019Arm\u00e9e du Salut sera situ\u00e9 dans l\u2019est du centre-ville d\u2019Ottawa, au 333, chemin Montr\u00e9al. Con\u00e7u pour \u00eatre accessible et pourvoir \u00e0 un large \u00e9ventail de besoins communautaires, il sera aussi ouvert et accueillant pour la communaut\u00e9 en g\u00e9n\u00e9ral que pour les personnes qui ont besoin de nos services.","twitter_image":"https:\/\/centreofhopeottawa.ca\/fr\/wp-content\/uploads\/2022\/05\/Centre-of-Hope-FB-FR.jpg","twitter_misc":{"Est. reading time":"1 minute"},"schema":{"@context":"https:\/\/schema.org","@graph":[{"@type":"WebSite","@id":"https:\/\/centreofhopeottawa.ca\/fr\/#website","url":"https:\/\/centreofhopeottawa.ca\/fr\/","name":"Centre de L\u2019Espoir de l\u2019Arm\u00e9e du Salut","description":"333, chemin Montr\u00e9al, Ottawa","potentialAction":[{"@type":"SearchAction","target":{"@type":"EntryPoint","urlTemplate":"https:\/\/centreofhopeottawa.ca\/fr\/?s={search_term_string}"},"query-input":"required name=search_term_string"}],"inLanguage":"en-US"},{"@type":"ImageObject","@id":"https:\/\/centreofhopeottawa.ca\/fr\/#primaryimage","inLanguage":"en-US","url":"https:\/\/centreofhopeottawa.ca\/fr\/wp-content\/uploads\/2022\/05\/Centre-of-Hope-FB-FR.jpg","contentUrl":"https:\/\/centreofhopeottawa.ca\/fr\/wp-content\/uploads\/2022\/05\/Centre-of-Hope-FB-FR.jpg","width":1200,"height":630},{"@type":"WebPage","@id":"https:\/\/centreofhopeottawa.ca\/fr\/#webpage","url":"https:\/\/centreofhopeottawa.ca\/fr\/","name":"Accueil - Centre de L\u2019Espoir de l\u2019Arm\u00e9e du Salut","isPartOf":{"@id":"https:\/\/centreofhopeottawa.ca\/fr\/#website"},"datePublished":"2021-03-05T23:58:56+00:00","dateModified":"2022-05-11T16:13:03+00:00","breadcrumb":{"@id":"https:\/\/centreofhopeottawa.ca\/fr\/#breadcrumb"},"inLanguage":"en-US","potentialAction":[{"@type":"ReadAction","target":["https:\/\/centreofhopeottawa.ca\/fr\/"]}]},{"@type":"BreadcrumbList","@id":"https:\/\/centreofhopeottawa.ca\/fr\/#breadcrumb","itemListElement":[{"@type":"ListItem","position":1,"name":"Home","item":"https:\/\/centreofhopeottawa.ca\/fr\/"},{"@type":"ListItem","position":2,"name":"Accueil"}]}]}},"_links":{"self":[{"href":"https:\/\/centreofhopeottawa.ca\/fr\/wp-json\/wp\/v2\/pages\/36908","targetHints":{"allow":["GET"]}}],"collection":[{"href":"https:\/\/centreofhopeottawa.ca\/fr\/wp-json\/wp\/v2\/pages"}],"about":[{"href":"https:\/\/centreofhopeottawa.ca\/fr\/wp-json\/wp\/v2\/types\/page"}],"author":[{"embeddable":true,"href":"https:\/\/centreofhopeottawa.ca\/fr\/wp-json\/wp\/v2\/users\/1"}],"replies":[{"embeddable":true,"href":"https:\/\/centreofhopeottawa.ca\/fr\/wp-json\/wp\/v2\/comments?post=36908"}],"version-history":[{"count":307,"href":"https:\/\/centreofhopeottawa.ca\/fr\/wp-json\/wp\/v2\/pages\/36908\/revisions"}],"predecessor-version":[{"id":988907,"href":"https:\/\/centreofhopeottawa.ca\/fr\/wp-json\/wp\/v2\/pages\/36908\/revisions\/988907"}],"wp:attachment":[{"href":"https:\/\/centreofhopeottawa.ca\/fr\/wp-json\/wp\/v2\/media?parent=36908"}],"curies":[{"name":"wp","href":"https:\/\/api.w.org\/{rel}","templated":true}]}}