{"id":18143,"date":"2019-04-01T23:07:54","date_gmt":"2019-04-01T23:07:54","guid":{"rendered":"http:\/\/caridad-old.demo.vamtam.com\/?page_id=18143"},"modified":"2022-05-11T13:08:29","modified_gmt":"2022-05-11T17:08:29","slug":"about","status":"publish","type":"page","link":"https:\/\/centreofhopeottawa.ca\/fr\/about\/","title":{"rendered":"\u00c0 propos"},"content":{"rendered":"\t\t<div data-elementor-type=\"wp-page\" data-elementor-id=\"18143\" class=\"elementor elementor-18143\" data-elementor-settings=\"[]\">\n\t\t\t\t\t\t\t<div class=\"elementor-section-wrap\">\n\t\t\t\t\t\t\t<section class=\"elementor-section elementor-top-section elementor-element elementor-element-67c5e6c6 elementor-section-full_width elementor-section-height-min-height animated-fast elementor-section-height-default elementor-section-items-middle elementor-invisible\" data-id=\"67c5e6c6\" data-element_type=\"section\" data-settings=\"{&quot;background_background&quot;:&quot;classic&quot;,&quot;animation&quot;:&quot;fadeIn&quot;}\">\n\t\t\t\t\t\t\t<div class=\"elementor-background-overlay\"><\/div>\n\t\t\t\t\t\t\t<div class=\"elementor-container elementor-column-gap-no\">\n\t\t\t\t\t<div class=\"elementor-column elementor-col-100 elementor-top-column elementor-element elementor-element-697a3989\" data-id=\"697a3989\" data-element_type=\"column\">\n\t\t\t<div class=\"elementor-widget-wrap\">\n\t\t\t\t\t\t\t\t\t<\/div>\n\t\t<\/div>\n\t\t\t\t\t\t\t<\/div>\n\t\t<\/section>\n\t\t\t\t<section class=\"elementor-section elementor-top-section elementor-element elementor-element-57f59fd elementor-section-boxed elementor-section-height-default elementor-section-height-default\" data-id=\"57f59fd\" data-element_type=\"section\">\n\t\t\t\t\t\t<div class=\"elementor-container elementor-column-gap-no\">\n\t\t\t\t\t<div class=\"elementor-column elementor-col-50 elementor-top-column elementor-element elementor-element-374e4a4\" data-id=\"374e4a4\" data-element_type=\"column\" data-settings=\"{&quot;motion_fx_motion_fx_scrolling&quot;:&quot;yes&quot;,&quot;motion_fx_translateY_effect&quot;:&quot;yes&quot;,&quot;motion_fx_translateY_speed&quot;:{&quot;unit&quot;:&quot;px&quot;,&quot;size&quot;:1,&quot;sizes&quot;:[]},&quot;motion_fx_devices&quot;:[&quot;desktop&quot;],&quot;motion_fx_translateY_affectedRange&quot;:{&quot;unit&quot;:&quot;%&quot;,&quot;size&quot;:&quot;&quot;,&quot;sizes&quot;:{&quot;start&quot;:0,&quot;end&quot;:100}}}\">\n\t\t\t<div class=\"elementor-widget-wrap elementor-element-populated\">\n\t\t\t\t\t\t\t\t<div class=\"elementor-element elementor-element-fb9e5c2 elementor-widget__width-auto elementor-widget-tablet__width-auto elementor-widget-mobile__width-inherit elementor-widget elementor-widget-heading\" data-id=\"fb9e5c2\" data-element_type=\"widget\" data-widget_type=\"heading.heading_caridad\">\n\t\t\t\t<div class=\"elementor-widget-container\">\n\t\t\t<h1 class=\"elementor-heading-title elementor-size-default\">\u00c0 propos<\/h1>\t\t<\/div>\n\t\t\t\t<\/div>\n\t\t\t\t\t<\/div>\n\t\t<\/div>\n\t\t\t\t<div class=\"elementor-column elementor-col-50 elementor-top-column elementor-element elementor-element-e3ac0d8 elementor-hidden-desktop elementor-hidden-tablet elementor-hidden-phone\" data-id=\"e3ac0d8\" data-element_type=\"column\">\n\t\t\t<div class=\"elementor-widget-wrap\">\n\t\t\t\t\t\t\t\t\t<\/div>\n\t\t<\/div>\n\t\t\t\t\t\t\t<\/div>\n\t\t<\/section>\n\t\t\t\t<section class=\"elementor-section elementor-top-section elementor-element elementor-element-5c6e6ed elementor-section-boxed elementor-section-height-default elementor-section-height-default\" data-id=\"5c6e6ed\" data-element_type=\"section\">\n\t\t\t\t\t\t<div class=\"elementor-container elementor-column-gap-no\">\n\t\t\t\t\t<div class=\"elementor-column elementor-col-100 elementor-top-column elementor-element elementor-element-1d4dc10\" data-id=\"1d4dc10\" data-element_type=\"column\">\n\t\t\t<div class=\"elementor-widget-wrap elementor-element-populated\">\n\t\t\t\t\t\t\t\t<div class=\"elementor-element elementor-element-aff926f elementor-widget elementor-widget-heading\" data-id=\"aff926f\" data-element_type=\"widget\" data-widget_type=\"heading.default\">\n\t\t\t\t<div class=\"elementor-widget-container\">\n\t\t\t<h3 class=\"elementor-heading-title elementor-size-default\">L\u2019Arm\u00e9e du Salut<\/h3>\t\t<\/div>\n\t\t\t\t<\/div>\n\t\t\t\t<div class=\"elementor-element elementor-element-7ce4007 elementor-widget elementor-widget-text-editor\" data-id=\"7ce4007\" data-element_type=\"widget\" data-widget_type=\"text-editor.default\">\n\t\t\t\t<div class=\"elementor-widget-container\">\n\t\t\t\t\t\t\t<p>L&#8217;Arm\u00e9e du Salut est une organisation chr\u00e9tienne qui donne espoir et soutien aux personnes vuln\u00e9rables dans 400 communaut\u00e9s \u00e0 la grandeur du Canada. Nous offrons une aide pratique aux enfants et aux familles, en veillant souvent aux n\u00e9cessit\u00e9s de la vie et en fournissant un abri et une r\u00e9adaptation aux personnes qui ont perdu le contr\u00f4le de leur vie en raison d&#8217;une d\u00e9pendance. L&#8217;Arm\u00e9e du Salut est pr\u00e9sente au c\u0153ur d&#8217;Ottawa et au march\u00e9 By depuis 1908.<\/p>\t\t\t\t\t\t<\/div>\n\t\t\t\t<\/div>\n\t\t\t\t\t<\/div>\n\t\t<\/div>\n\t\t\t\t\t\t\t<\/div>\n\t\t<\/section>\n\t\t\t\t<section class=\"elementor-section elementor-top-section elementor-element elementor-element-b50f3e7 elementor-section-boxed elementor-section-height-default elementor-section-height-default\" data-id=\"b50f3e7\" data-element_type=\"section\">\n\t\t\t\t\t\t<div class=\"elementor-container elementor-column-gap-no\">\n\t\t\t\t\t<div class=\"elementor-column elementor-col-100 elementor-top-column elementor-element elementor-element-ffc823f\" data-id=\"ffc823f\" data-element_type=\"column\">\n\t\t\t<div class=\"elementor-widget-wrap elementor-element-populated\">\n\t\t\t\t\t\t\t\t<div class=\"elementor-element elementor-element-a316b61 elementor-widget elementor-widget-heading\" data-id=\"a316b61\" data-element_type=\"widget\" data-widget_type=\"heading.default\">\n\t\t\t\t<div class=\"elementor-widget-container\">\n\t\t\t<h3 class=\"elementor-heading-title elementor-size-default\"><em>Centre de L\u2019Espoir<\/em><\/h3>\t\t<\/div>\n\t\t\t\t<\/div>\n\t\t\t\t<div class=\"elementor-element elementor-element-81d5001 elementor-widget elementor-widget-text-editor\" data-id=\"81d5001\" data-element_type=\"widget\" data-widget_type=\"text-editor.default\">\n\t\t\t\t<div class=\"elementor-widget-container\">\n\t\t\t\t\t\t\t<p>Le nouveau Centre de L\u2019Espoir<em>\u00a0<\/em>de l\u2019Arm\u00e9e du Salut sera situ\u00e9 dans l&#8217;est du centre-ville d&#8217;Ottawa, au 333, chemin Montr\u00e9al. Con\u00e7u pour \u00eatre accessible et pourvoir \u00e0 un large \u00e9ventail de besoins communautaires, il sera aussi ouvert et accueillant pour la communaut\u00e9 en g\u00e9n\u00e9ral que pour les personnes qui ont besoin de nos services.<\/p><p>Le Centre de L\u2019Espoir mettra \u00e0 disposition des\u00a0<a href=\"https:\/\/centreofhopeottawa.ca\/fr\/logement-supervise\/\">logements supervis\u00e9s<\/a>, <a href=\"https:\/\/centreofhopeottawa.ca\/fr\/programme-de-vie-autonome-transitoire\/\">des\u00a0programmes de vie autonome transitoires<\/a>, un <a href=\"https:\/\/centreofhopeottawa.ca\/fr\/abri-durgence\/\">abri d\u2019urgence<\/a> et en partenariat avec d\u2019Ottawa Inner City Health, <a href=\"https:\/\/centreofhopeottawa.ca\/fr\/unite-medicale-de-soins-speciaux\/\">une unit\u00e9 m\u00e9dicale de soins sp\u00e9ciaux<\/a>. Ces services sont indispensables pour les populations vuln\u00e9rables d&#8217;Ottawa. Nous fournirons un continuum de soins qui aidera les gens \u00e0 se remettre sur pied et \u00e0 conserver un logement stable. Cela comprend l\u2019inculcation des comp\u00e9tences de la vie courante, l&#8217;orientation et le counseling, l&#8217;aide \u00e0 l\u2019\u00e9tablissement d\u2019un budget ainsi que l\u2019approvisionnement en nourriture, v\u00eatements et meubles d&#8217;urgence.<\/p><p>L&#8217;espace sera \u00e9galement accessible aux groupes communautaires, ce qui permettra d\u2019organiser des activit\u00e9s de renforcement de la collectivit\u00e9 et des \u00e9v\u00e9nements accessibles \u00e0 tous, notamment des cours de langue, d&#8217;art, de musique et de danse, ainsi que des remises de prix, des activit\u00e9s de groupes religieux et communautaires, et beaucoup plus encore.<\/p><p>Le Centre de L\u2019Espoir a \u00e9t\u00e9 con\u00e7u pour r\u00e9pondre aux nouvelles normes en mati\u00e8re d\u2019abris de la ville d&#8217;Ottawa. \u00c0 titre d\u2019\u00e9tablissement construit \u00e0 cet effet, nous avons \u00e9limin\u00e9 les toilettes communes et r\u00e9duit le nombre d&#8217;occupants par chambre (pas de lits superpos\u00e9s ou d&#8217;h\u00e9bergement de type dortoir). La conception strat\u00e9gique de l\u2019\u00e9difice, notamment la pr\u00e9sence d\u2019ailes distinctes en mesure de g\u00e9rer toute \u00e9closion potentielle, nous permet de nous adapter facilement \u00e0 la nouvelle r\u00e9alit\u00e9 pand\u00e9mique.<\/p><p>L&#8217;Arm\u00e9e du Salut reconna\u00eet que le terrain sur lequel le <em>Centre de L\u2019Espoir<\/em> sera construit est le territoire traditionnel non c\u00e9d\u00e9 du peuple algonquin Anishnaabeg.<\/p>\t\t\t\t\t\t<\/div>\n\t\t\t\t<\/div>\n\t\t\t\t\t<\/div>\n\t\t<\/div>\n\t\t\t\t\t\t\t<\/div>\n\t\t<\/section>\n\t\t\t\t<section class=\"elementor-section elementor-top-section elementor-element elementor-element-4e0b8cec elementor-hidden-mobile elementor-section-boxed elementor-section-height-default elementor-section-height-default elementor-invisible\" data-id=\"4e0b8cec\" data-element_type=\"section\" data-settings=\"{&quot;motion_fx_motion_fx_scrolling&quot;:&quot;yes&quot;,&quot;motion_fx_translateY_effect&quot;:&quot;yes&quot;,&quot;motion_fx_translateY_affectedRange&quot;:{&quot;unit&quot;:&quot;%&quot;,&quot;size&quot;:&quot;&quot;,&quot;sizes&quot;:{&quot;start&quot;:0,&quot;end&quot;:57}},&quot;animation&quot;:&quot;fadeIn&quot;,&quot;motion_fx_translateY_speed&quot;:{&quot;unit&quot;:&quot;px&quot;,&quot;size&quot;:4,&quot;sizes&quot;:[]},&quot;motion_fx_devices&quot;:[&quot;desktop&quot;,&quot;tablet&quot;,&quot;mobile&quot;]}\">\n\t\t\t\t\t\t<div class=\"elementor-container elementor-column-gap-no\">\n\t\t\t\t\t<div class=\"elementor-column elementor-col-50 elementor-top-column elementor-element elementor-element-2e1b827b elementor-hidden-phone\" data-id=\"2e1b827b\" data-element_type=\"column\">\n\t\t\t<div class=\"elementor-widget-wrap elementor-element-populated\">\n\t\t\t\t\t\t\t\t<div class=\"elementor-element elementor-element-4c80b6d3 elementor-widget elementor-widget-image\" data-id=\"4c80b6d3\" data-element_type=\"widget\" data-settings=\"{&quot;motion_fx_motion_fx_scrolling&quot;:&quot;yes&quot;,&quot;motion_fx_translateY_effect&quot;:&quot;yes&quot;,&quot;motion_fx_translateY_speed&quot;:{&quot;unit&quot;:&quot;px&quot;,&quot;size&quot;:0.5,&quot;sizes&quot;:[]},&quot;motion_fx_devices&quot;:[&quot;desktop&quot;],&quot;motion_fx_translateY_affectedRange&quot;:{&quot;unit&quot;:&quot;%&quot;,&quot;size&quot;:&quot;&quot;,&quot;sizes&quot;:{&quot;start&quot;:0,&quot;end&quot;:100}}}\" data-widget_type=\"image.default\">\n\t\t\t\t<div class=\"elementor-widget-container\">\n\t\t\t\t\t\t\t\t\t\t\t\t\t\t\t<img loading=\"lazy\" decoding=\"async\" width=\"2500\" height=\"1669\" src=\"https:\/\/centreofhopeottawa.ca\/fr\/wp-content\/uploads\/2021\/11\/SA-Food-bank-2018-34-1-1.jpg\" class=\"attachment-full size-full\" alt=\"\" srcset=\"https:\/\/centreofhopeottawa.ca\/fr\/wp-content\/uploads\/2021\/11\/SA-Food-bank-2018-34-1-1.jpg 2500w, https:\/\/centreofhopeottawa.ca\/fr\/wp-content\/uploads\/2021\/11\/SA-Food-bank-2018-34-1-1-300x200.jpg 300w, https:\/\/centreofhopeottawa.ca\/fr\/wp-content\/uploads\/2021\/11\/SA-Food-bank-2018-34-1-1-1024x684.jpg 1024w, https:\/\/centreofhopeottawa.ca\/fr\/wp-content\/uploads\/2021\/11\/SA-Food-bank-2018-34-1-1-768x513.jpg 768w, https:\/\/centreofhopeottawa.ca\/fr\/wp-content\/uploads\/2021\/11\/SA-Food-bank-2018-34-1-1-1536x1025.jpg 1536w, https:\/\/centreofhopeottawa.ca\/fr\/wp-content\/uploads\/2021\/11\/SA-Food-bank-2018-34-1-1-2048x1367.jpg 2048w\" sizes=\"auto, (max-width: 2500px) 100vw, 2500px\" \/>\t\t\t\t\t\t\t\t\t\t\t\t\t\t\t<\/div>\n\t\t\t\t<\/div>\n\t\t\t\t\t<\/div>\n\t\t<\/div>\n\t\t\t\t<div class=\"elementor-column elementor-col-50 elementor-top-column elementor-element elementor-element-7d6e437c\" data-id=\"7d6e437c\" data-element_type=\"column\">\n\t\t\t<div class=\"elementor-widget-wrap elementor-element-populated\">\n\t\t\t\t\t\t\t\t<div class=\"elementor-element elementor-element-adfb493 elementor-widget elementor-widget-image\" data-id=\"adfb493\" data-element_type=\"widget\" data-widget_type=\"image.default\">\n\t\t\t\t<div class=\"elementor-widget-container\">\n\t\t\t\t\t\t\t\t\t\t\t\t\t\t\t<img loading=\"lazy\" decoding=\"async\" width=\"1200\" height=\"1979\" src=\"https:\/\/centreofhopeottawa.ca\/fr\/wp-content\/uploads\/2021\/11\/SA_kettle2021_AV.jpg\" class=\"attachment-full size-full\" alt=\"\" srcset=\"https:\/\/centreofhopeottawa.ca\/fr\/wp-content\/uploads\/2021\/11\/SA_kettle2021_AV.jpg 1200w, https:\/\/centreofhopeottawa.ca\/fr\/wp-content\/uploads\/2021\/11\/SA_kettle2021_AV-182x300.jpg 182w, https:\/\/centreofhopeottawa.ca\/fr\/wp-content\/uploads\/2021\/11\/SA_kettle2021_AV-621x1024.jpg 621w, https:\/\/centreofhopeottawa.ca\/fr\/wp-content\/uploads\/2021\/11\/SA_kettle2021_AV-768x1267.jpg 768w, https:\/\/centreofhopeottawa.ca\/fr\/wp-content\/uploads\/2021\/11\/SA_kettle2021_AV-931x1536.jpg 931w\" sizes=\"auto, (max-width: 1200px) 100vw, 1200px\" \/>\t\t\t\t\t\t\t\t\t\t\t\t\t\t\t<\/div>\n\t\t\t\t<\/div>\n\t\t\t\t\t<\/div>\n\t\t<\/div>\n\t\t\t\t\t\t\t<\/div>\n\t\t<\/section>\n\t\t\t\t\t\t<\/div>\n\t\t\t\t\t<\/div>\n\t\t","protected":false},"excerpt":{"rendered":"<p>\u00c0 propos L\u2019Arm\u00e9e du Salut L&#8217;Arm\u00e9e du Salut est une organisation chr\u00e9tienne qui donne espoir et soutien aux personnes vuln\u00e9rables dans 400 communaut\u00e9s \u00e0 la grandeur du Canada. Nous offrons une aide pratique aux enfants et aux familles, en veillant souvent aux n\u00e9cessit\u00e9s de la vie et en fournissant un abri et une r\u00e9adaptation aux&#8230;<\/p>\n","protected":false},"author":1,"featured_media":0,"parent":0,"menu_order":0,"comment_status":"closed","ping_status":"closed","template":"","meta":{"_monsterinsights_skip_tracking":false,"_monsterinsights_sitenote_active":false,"_monsterinsights_sitenote_note":"","_monsterinsights_sitenote_category":0,"footnotes":""},"class_list":["post-18143","page","type-page","status-publish","hentry"],"yoast_head":"<!-- This site is optimized with the Yoast SEO plugin v18.2 - https:\/\/yoast.com\/wordpress\/plugins\/seo\/ -->\n<title>\u00c0 propos - Centre de L\u2019Espoir de l\u2019Arm\u00e9e du Salut<\/title>\n<meta name=\"robots\" content=\"index, follow, max-snippet:-1, max-image-preview:large, max-video-preview:-1\" \/>\n<link rel=\"canonical\" href=\"https:\/\/centreofhopeottawa.ca\/fr\/about\/\" \/>\n<meta property=\"og:locale\" content=\"en_US\" \/>\n<meta property=\"og:type\" content=\"article\" \/>\n<meta property=\"og:title\" content=\"\u00c0 propos - Centre de L\u2019Espoir de l\u2019Arm\u00e9e du Salut\" \/>\n<meta property=\"og:description\" content=\"\u00c0 propos L\u2019Arm\u00e9e du Salut L&#8217;Arm\u00e9e du Salut est une organisation chr\u00e9tienne qui donne espoir et soutien aux personnes vuln\u00e9rables dans 400 communaut\u00e9s \u00e0 la grandeur du Canada. Nous offrons une aide pratique aux enfants et aux familles, en veillant souvent aux n\u00e9cessit\u00e9s de la vie et en fournissant un abri et une r\u00e9adaptation aux...\" \/>\n<meta property=\"og:url\" content=\"https:\/\/centreofhopeottawa.ca\/fr\/about\/\" \/>\n<meta property=\"og:site_name\" content=\"Centre de L\u2019Espoir de l\u2019Arm\u00e9e du Salut\" \/>\n<meta property=\"article:modified_time\" content=\"2022-05-11T17:08:29+00:00\" \/>\n<meta property=\"og:image\" content=\"https:\/\/centreofhopeottawa.ca\/fr\/wp-content\/uploads\/2021\/11\/SA-Food-bank-2018-34-1-1.jpg\" \/>\n<meta name=\"twitter:card\" content=\"summary_large_image\" \/>\n<meta name=\"twitter:label1\" content=\"Est. reading time\" \/>\n\t<meta name=\"twitter:data1\" content=\"3 minutes\" \/>\n<script type=\"application\/ld+json\" class=\"yoast-schema-graph\">{\"@context\":\"https:\/\/schema.org\",\"@graph\":[{\"@type\":\"WebSite\",\"@id\":\"https:\/\/centreofhopeottawa.ca\/fr\/#website\",\"url\":\"https:\/\/centreofhopeottawa.ca\/fr\/\",\"name\":\"Centre de L\u2019Espoir de l\u2019Arm\u00e9e du Salut\",\"description\":\"333, chemin Montr\u00e9al, Ottawa\",\"potentialAction\":[{\"@type\":\"SearchAction\",\"target\":{\"@type\":\"EntryPoint\",\"urlTemplate\":\"https:\/\/centreofhopeottawa.ca\/fr\/?s={search_term_string}\"},\"query-input\":\"required name=search_term_string\"}],\"inLanguage\":\"en-US\"},{\"@type\":\"ImageObject\",\"@id\":\"https:\/\/centreofhopeottawa.ca\/fr\/about\/#primaryimage\",\"inLanguage\":\"en-US\",\"url\":\"https:\/\/centreofhopeottawa.ca\/fr\/wp-content\/uploads\/2021\/11\/SA-Food-bank-2018-34-1-1.jpg\",\"contentUrl\":\"https:\/\/centreofhopeottawa.ca\/fr\/wp-content\/uploads\/2021\/11\/SA-Food-bank-2018-34-1-1.jpg\",\"width\":2500,\"height\":1669},{\"@type\":\"WebPage\",\"@id\":\"https:\/\/centreofhopeottawa.ca\/fr\/about\/#webpage\",\"url\":\"https:\/\/centreofhopeottawa.ca\/fr\/about\/\",\"name\":\"\u00c0 propos - Centre de L\u2019Espoir de l\u2019Arm\u00e9e du Salut\",\"isPartOf\":{\"@id\":\"https:\/\/centreofhopeottawa.ca\/fr\/#website\"},\"primaryImageOfPage\":{\"@id\":\"https:\/\/centreofhopeottawa.ca\/fr\/about\/#primaryimage\"},\"datePublished\":\"2019-04-01T23:07:54+00:00\",\"dateModified\":\"2022-05-11T17:08:29+00:00\",\"breadcrumb\":{\"@id\":\"https:\/\/centreofhopeottawa.ca\/fr\/about\/#breadcrumb\"},\"inLanguage\":\"en-US\",\"potentialAction\":[{\"@type\":\"ReadAction\",\"target\":[\"https:\/\/centreofhopeottawa.ca\/fr\/about\/\"]}]},{\"@type\":\"BreadcrumbList\",\"@id\":\"https:\/\/centreofhopeottawa.ca\/fr\/about\/#breadcrumb\",\"itemListElement\":[{\"@type\":\"ListItem\",\"position\":1,\"name\":\"Home\",\"item\":\"https:\/\/centreofhopeottawa.ca\/fr\/\"},{\"@type\":\"ListItem\",\"position\":2,\"name\":\"\u00c0 propos\"}]}]}<\/script>\n<!-- \/ Yoast SEO plugin. -->","yoast_head_json":{"title":"\u00c0 propos - Centre de L\u2019Espoir de l\u2019Arm\u00e9e du Salut","robots":{"index":"index","follow":"follow","max-snippet":"max-snippet:-1","max-image-preview":"max-image-preview:large","max-video-preview":"max-video-preview:-1"},"canonical":"https:\/\/centreofhopeottawa.ca\/fr\/about\/","og_locale":"en_US","og_type":"article","og_title":"\u00c0 propos - Centre de L\u2019Espoir de l\u2019Arm\u00e9e du Salut","og_description":"\u00c0 propos L\u2019Arm\u00e9e du Salut L&#8217;Arm\u00e9e du Salut est une organisation chr\u00e9tienne qui donne espoir et soutien aux personnes vuln\u00e9rables dans 400 communaut\u00e9s \u00e0 la grandeur du Canada. Nous offrons une aide pratique aux enfants et aux familles, en veillant souvent aux n\u00e9cessit\u00e9s de la vie et en fournissant un abri et une r\u00e9adaptation aux...","og_url":"https:\/\/centreofhopeottawa.ca\/fr\/about\/","og_site_name":"Centre de L\u2019Espoir de l\u2019Arm\u00e9e du Salut","article_modified_time":"2022-05-11T17:08:29+00:00","og_image":[{"url":"https:\/\/centreofhopeottawa.ca\/fr\/wp-content\/uploads\/2021\/11\/SA-Food-bank-2018-34-1-1.jpg"}],"twitter_card":"summary_large_image","twitter_misc":{"Est. reading time":"3 minutes"},"schema":{"@context":"https:\/\/schema.org","@graph":[{"@type":"WebSite","@id":"https:\/\/centreofhopeottawa.ca\/fr\/#website","url":"https:\/\/centreofhopeottawa.ca\/fr\/","name":"Centre de L\u2019Espoir de l\u2019Arm\u00e9e du Salut","description":"333, chemin Montr\u00e9al, Ottawa","potentialAction":[{"@type":"SearchAction","target":{"@type":"EntryPoint","urlTemplate":"https:\/\/centreofhopeottawa.ca\/fr\/?s={search_term_string}"},"query-input":"required name=search_term_string"}],"inLanguage":"en-US"},{"@type":"ImageObject","@id":"https:\/\/centreofhopeottawa.ca\/fr\/about\/#primaryimage","inLanguage":"en-US","url":"https:\/\/centreofhopeottawa.ca\/fr\/wp-content\/uploads\/2021\/11\/SA-Food-bank-2018-34-1-1.jpg","contentUrl":"https:\/\/centreofhopeottawa.ca\/fr\/wp-content\/uploads\/2021\/11\/SA-Food-bank-2018-34-1-1.jpg","width":2500,"height":1669},{"@type":"WebPage","@id":"https:\/\/centreofhopeottawa.ca\/fr\/about\/#webpage","url":"https:\/\/centreofhopeottawa.ca\/fr\/about\/","name":"\u00c0 propos - Centre de L\u2019Espoir de l\u2019Arm\u00e9e du Salut","isPartOf":{"@id":"https:\/\/centreofhopeottawa.ca\/fr\/#website"},"primaryImageOfPage":{"@id":"https:\/\/centreofhopeottawa.ca\/fr\/about\/#primaryimage"},"datePublished":"2019-04-01T23:07:54+00:00","dateModified":"2022-05-11T17:08:29+00:00","breadcrumb":{"@id":"https:\/\/centreofhopeottawa.ca\/fr\/about\/#breadcrumb"},"inLanguage":"en-US","potentialAction":[{"@type":"ReadAction","target":["https:\/\/centreofhopeottawa.ca\/fr\/about\/"]}]},{"@type":"BreadcrumbList","@id":"https:\/\/centreofhopeottawa.ca\/fr\/about\/#breadcrumb","itemListElement":[{"@type":"ListItem","position":1,"name":"Home","item":"https:\/\/centreofhopeottawa.ca\/fr\/"},{"@type":"ListItem","position":2,"name":"\u00c0 propos"}]}]}},"_links":{"self":[{"href":"https:\/\/centreofhopeottawa.ca\/fr\/wp-json\/wp\/v2\/pages\/18143","targetHints":{"allow":["GET"]}}],"collection":[{"href":"https:\/\/centreofhopeottawa.ca\/fr\/wp-json\/wp\/v2\/pages"}],"about":[{"href":"https:\/\/centreofhopeottawa.ca\/fr\/wp-json\/wp\/v2\/types\/page"}],"author":[{"embeddable":true,"href":"https:\/\/centreofhopeottawa.ca\/fr\/wp-json\/wp\/v2\/users\/1"}],"replies":[{"embeddable":true,"href":"https:\/\/centreofhopeottawa.ca\/fr\/wp-json\/wp\/v2\/comments?post=18143"}],"version-history":[{"count":111,"href":"https:\/\/centreofhopeottawa.ca\/fr\/wp-json\/wp\/v2\/pages\/18143\/revisions"}],"predecessor-version":[{"id":988912,"href":"https:\/\/centreofhopeottawa.ca\/fr\/wp-json\/wp\/v2\/pages\/18143\/revisions\/988912"}],"wp:attachment":[{"href":"https:\/\/centreofhopeottawa.ca\/fr\/wp-json\/wp\/v2\/media?parent=18143"}],"curies":[{"name":"wp","href":"https:\/\/api.w.org\/{rel}","templated":true}]}}